{"id":247691,"date":"2018-06-02T10:13:35","date_gmt":"2018-06-02T08:13:35","guid":{"rendered":"https:\/\/gyemantekszer.com\/termek\/badra-gyemant-gyuru\/"},"modified":"2025-09-29T12:46:34","modified_gmt":"2025-09-29T10:46:34","slug":"badra-gyemant-gyuru","status":"publish","type":"product","link":"https:\/\/gyemantekszer.com\/en\/product\/badra-gyemant-gyuru\/","title":{"rendered":"Badra gy\u00e9m\u00e1nt gy\u0171r\u0171"},"content":{"rendered":"","protected":false},"excerpt":{"rendered":"<p>Feh\u00e9r aranyb\u00f3l alkotott eljegyz\u00e9si gy\u00e9m\u00e1nt gy\u0171r\u0171, melynek k\u00f6z\u00e9ppontj\u00e1ban egy k\u00fcl\u00f6nlegesen csillog\u00f3 gy\u00e9m\u00e1nt kapott helyet. A gy\u0171r\u0171t k\u00e9toldalt is eleg\u00e1nsan d\u00edsz\u00edtik az apr\u00f3 csillog\u00f3 gy\u00e9m\u00e1ntok.<\/p>\n","protected":false},"featured_media":237218,"comment_status":"open","ping_status":"open","template":"","meta":{"_acf_changed":false},"product_brand":[],"product_cat":[1917],"product_tag":[1373,1384,1383,1376,1375],"class_list":{"0":"post-247691","1":"product","2":"type-product","3":"status-publish","4":"has-post-thumbnail","6":"product_cat-gyuru","7":"product_tag-engagement","8":"product_tag-for-ladies","9":"product_tag-sizeable","10":"product_tag-white-diamond","11":"product_tag-white-gold","12":"pa_kollekcio-exkluziv-ekszerek","13":"pa_marka-nardelli","14":"pa_meret-156","15":"pa_otvozet-finomsaga-143","16":"pa_suly-31gr","18":"first","19":"onrequest","20":"taxable","21":"shipping-taxable","22":"product-type-simple"},"acf":[],"_links":{"self":[{"href":"https:\/\/gyemantekszer.com\/en\/wp-json\/wp\/v2\/product\/247691","targetHints":{"allow":["GET"]}}],"collection":[{"href":"https:\/\/gyemantekszer.com\/en\/wp-json\/wp\/v2\/product"}],"about":[{"href":"https:\/\/gyemantekszer.com\/en\/wp-json\/wp\/v2\/types\/product"}],"replies":[{"embeddable":true,"href":"https:\/\/gyemantekszer.com\/en\/wp-json\/wp\/v2\/comments?post=247691"}],"wp:featuredmedia":[{"embeddable":true,"href":"https:\/\/gyemantekszer.com\/en\/wp-json\/wp\/v2\/media\/237218"}],"wp:attachment":[{"href":"https:\/\/gyemantekszer.com\/en\/wp-json\/wp\/v2\/media?parent=247691"}],"wp:term":[{"taxonomy":"product_brand","embeddable":true,"href":"https:\/\/gyemantekszer.com\/en\/wp-json\/wp\/v2\/product_brand?post=247691"},{"taxonomy":"product_cat","embeddable":true,"href":"https:\/\/gyemantekszer.com\/en\/wp-json\/wp\/v2\/product_cat?post=247691"},{"taxonomy":"product_tag","embeddable":true,"href":"https:\/\/gyemantekszer.com\/en\/wp-json\/wp\/v2\/product_tag?post=247691"}],"curies":[{"name":"wp","href":"https:\/\/api.w.org\/{rel}","templated":true}]}}