{"id":247686,"date":"2018-06-02T08:22:47","date_gmt":"2018-06-02T06:22:47","guid":{"rendered":"https:\/\/gyemantekszer.com\/termek\/aludra-gyemant-karkoto\/"},"modified":"2025-09-29T12:46:32","modified_gmt":"2025-09-29T10:46:32","slug":"aludra-gyemant-karkoto","status":"publish","type":"product","link":"https:\/\/gyemantekszer.com\/en\/termek\/aludra-gyemant-karkoto\/","title":{"rendered":"Aludra gy\u00e9m\u00e1nt kark\u00f6t\u0151"},"content":{"rendered":"","protected":false},"excerpt":{"rendered":"<p>Klasszikus gy\u00e9m\u00e1nt tenisz kark\u00f6t\u0151, mely a maga nem\u00e9ben a legkedveltebb, mivel a szorosan egym\u00e1s mellett l\u00e9v\u0151 karmos foglalatban l\u00e9v\u0151 brili\u00e1nsok szikr\u00e1z\u00f3 csillog\u00e1st k\u00f6lcs\u00f6n\u00f6znek az \u00e9kszernek.<\/p>\n","protected":false},"featured_media":237201,"comment_status":"open","ping_status":"open","template":"","meta":{"_acf_changed":false},"product_brand":[],"product_cat":[1921],"product_tag":[133,140,1310,1305],"class_list":{"0":"post-247686","1":"product","2":"type-product","3":"status-publish","4":"has-post-thumbnail","6":"product_cat-karkoto","7":"product_tag-noi","8":"product_tag-meretezheto","9":"product_tag-feher-gyemant","10":"product_tag-feher-arany","11":"pa_kollekcio-exkluziv-ekszerek","12":"pa_marka-nardelli","13":"pa_meret-18-cm-hosszu","14":"pa_otvozet-finomsaga-143","15":"pa_suly-91-gr","17":"first","18":"instock","19":"sold-individually","20":"taxable","21":"shipping-taxable","22":"purchasable","23":"product-type-simple"},"acf":[],"_links":{"self":[{"href":"https:\/\/gyemantekszer.com\/en\/wp-json\/wp\/v2\/product\/247686","targetHints":{"allow":["GET"]}}],"collection":[{"href":"https:\/\/gyemantekszer.com\/en\/wp-json\/wp\/v2\/product"}],"about":[{"href":"https:\/\/gyemantekszer.com\/en\/wp-json\/wp\/v2\/types\/product"}],"replies":[{"embeddable":true,"href":"https:\/\/gyemantekszer.com\/en\/wp-json\/wp\/v2\/comments?post=247686"}],"wp:featuredmedia":[{"embeddable":true,"href":"https:\/\/gyemantekszer.com\/en\/wp-json\/wp\/v2\/media\/237201"}],"wp:attachment":[{"href":"https:\/\/gyemantekszer.com\/en\/wp-json\/wp\/v2\/media?parent=247686"}],"wp:term":[{"taxonomy":"product_brand","embeddable":true,"href":"https:\/\/gyemantekszer.com\/en\/wp-json\/wp\/v2\/product_brand?post=247686"},{"taxonomy":"product_cat","embeddable":true,"href":"https:\/\/gyemantekszer.com\/en\/wp-json\/wp\/v2\/product_cat?post=247686"},{"taxonomy":"product_tag","embeddable":true,"href":"https:\/\/gyemantekszer.com\/en\/wp-json\/wp\/v2\/product_tag?post=247686"}],"curies":[{"name":"wp","href":"https:\/\/api.w.org\/{rel}","templated":true}]}}