{"id":247685,"date":"2018-06-02T08:59:19","date_gmt":"2018-06-02T06:59:19","guid":{"rendered":"https:\/\/gyemantekszer.com\/termek\/adiva-gyemant-karikagyuru\/"},"modified":"2025-09-29T12:46:32","modified_gmt":"2025-09-29T10:46:32","slug":"adiva-gyemant-karikagyuru","status":"publish","type":"product","link":"https:\/\/gyemantekszer.com\/en\/product\/adiva-gyemant-karikagyuru\/","title":{"rendered":"Adiva gy\u00e9m\u00e1nt karikagy\u0171r\u0171"},"content":{"rendered":"","protected":false},"excerpt":{"rendered":"<p>Szolidan eleg\u00e1ns karikagy\u0171r\u0171, melyet csod\u00e1latos gy\u00e9m\u00e1ntokkal d\u00edsz\u00edtettek teljesen k\u00f6rbe. K\u00eds\u00e9r\u0151 gy\u0171r\u0171nek, vagy ak\u00e1r \u00e9vfordul\u00f3s gy\u0171r\u0171nek is t\u00f6k\u00e9letes v\u00e1laszt\u00e1s. A gy\u0171r\u0171 bels\u0151 speci\u00e1lis kik\u00e9pz\u00e9s\u00e9nek k\u00f6sz\u00f6nhet\u0151en \u00e1ll\u00edthat\u00f3 a m\u00e9rete , mivel az \u00e9vek sor\u00e1n az ujjaink m\u00e9rete v\u00e1ltozhat.<\/p>\n","protected":false},"featured_media":237197,"comment_status":"open","ping_status":"open","template":"","meta":{"_acf_changed":false},"product_brand":[],"product_cat":[1919],"product_tag":[1373,1384,1376,1375],"class_list":{"0":"post-247685","1":"product","2":"type-product","3":"status-publish","4":"has-post-thumbnail","6":"product_cat-karikagyuru","7":"product_tag-engagement","8":"product_tag-for-ladies","9":"product_tag-white-diamond","10":"product_tag-white-gold","11":"pa_kollekcio-exkluziv-ekszerek","12":"pa_marka-nardelli","13":"pa_meret-53-55","14":"pa_otvozet-finomsaga-143","15":"pa_suly-37-gr","17":"first","18":"onrequest","19":"sold-individually","20":"taxable","21":"shipping-taxable","22":"product-type-simple"},"acf":[],"_links":{"self":[{"href":"https:\/\/gyemantekszer.com\/en\/wp-json\/wp\/v2\/product\/247685","targetHints":{"allow":["GET"]}}],"collection":[{"href":"https:\/\/gyemantekszer.com\/en\/wp-json\/wp\/v2\/product"}],"about":[{"href":"https:\/\/gyemantekszer.com\/en\/wp-json\/wp\/v2\/types\/product"}],"replies":[{"embeddable":true,"href":"https:\/\/gyemantekszer.com\/en\/wp-json\/wp\/v2\/comments?post=247685"}],"wp:featuredmedia":[{"embeddable":true,"href":"https:\/\/gyemantekszer.com\/en\/wp-json\/wp\/v2\/media\/237197"}],"wp:attachment":[{"href":"https:\/\/gyemantekszer.com\/en\/wp-json\/wp\/v2\/media?parent=247685"}],"wp:term":[{"taxonomy":"product_brand","embeddable":true,"href":"https:\/\/gyemantekszer.com\/en\/wp-json\/wp\/v2\/product_brand?post=247685"},{"taxonomy":"product_cat","embeddable":true,"href":"https:\/\/gyemantekszer.com\/en\/wp-json\/wp\/v2\/product_cat?post=247685"},{"taxonomy":"product_tag","embeddable":true,"href":"https:\/\/gyemantekszer.com\/en\/wp-json\/wp\/v2\/product_tag?post=247685"}],"curies":[{"name":"wp","href":"https:\/\/api.w.org\/{rel}","templated":true}]}}