{"id":247684,"date":"2018-06-02T07:53:25","date_gmt":"2018-06-02T05:53:25","guid":{"rendered":"https:\/\/gyemantekszer.com\/termek\/afra-gyemant-karikagyuru\/"},"modified":"2025-10-22T14:07:08","modified_gmt":"2025-10-22T12:07:08","slug":"afra-gyemant-karikagyuru","status":"publish","type":"product","link":"https:\/\/gyemantekszer.com\/en\/termek\/afra-gyemant-karikagyuru\/","title":{"rendered":"NARDELLI &#8211; Afra f\u00e9rfi gy\u00e9m\u00e1nt karikagy\u0171r\u0171"},"content":{"rendered":"","protected":false},"excerpt":{"rendered":"<p>\u00dajragondolt modern st\u00edlusban k\u00e9sz\u00fclt, feh\u00e9rarany, csillog\u00f3 gy\u00e9m\u00e1nt \u00e9s zaf\u00edr k\u00f6vekkel kirakott f\u00e9rfi karikagy\u0171r\u0171, k\u00fcl\u00f6nleges kidolgoz\u00e1sban.<\/p>\n<p>N\u0151i p\u00e1rj\u00e1val (Abir gy\u00e9m\u00e1n karikagy\u0171r\u0171 4367) egy\u00fctt megv\u00e1s\u00e1rolhat\u00f3.<\/p>\n","protected":false},"featured_media":237194,"comment_status":"open","ping_status":"closed","template":"","meta":{"_acf_changed":false},"product_brand":[],"product_cat":[1359,1979],"product_tag":[1373,1515,1378,1375,1382],"class_list":{"0":"post-247684","1":"product","2":"type-product","3":"status-publish","4":"has-post-thumbnail","6":"product_cat-exclusive-rings","7":"product_cat-wedding-ring","8":"product_tag-engagement","9":"product_tag-gravirozhato","10":"product_tag-men","11":"product_tag-white-gold","12":"product_tag-sapphire","13":"pa_kollekcio-exkluziv-ekszerek","14":"pa_marka-nardelli","15":"pa_meret-188","16":"pa_otvozet-finomsaga-143","17":"pa_suly-31gr","19":"first","20":"instock","21":"sale","22":"sold-individually","23":"taxable","24":"shipping-taxable","25":"purchasable","26":"product-type-simple"},"acf":[],"_links":{"self":[{"href":"https:\/\/gyemantekszer.com\/en\/wp-json\/wp\/v2\/product\/247684","targetHints":{"allow":["GET"]}}],"collection":[{"href":"https:\/\/gyemantekszer.com\/en\/wp-json\/wp\/v2\/product"}],"about":[{"href":"https:\/\/gyemantekszer.com\/en\/wp-json\/wp\/v2\/types\/product"}],"replies":[{"embeddable":true,"href":"https:\/\/gyemantekszer.com\/en\/wp-json\/wp\/v2\/comments?post=247684"}],"wp:featuredmedia":[{"embeddable":true,"href":"https:\/\/gyemantekszer.com\/en\/wp-json\/wp\/v2\/media\/237194"}],"wp:attachment":[{"href":"https:\/\/gyemantekszer.com\/en\/wp-json\/wp\/v2\/media?parent=247684"}],"wp:term":[{"taxonomy":"product_brand","embeddable":true,"href":"https:\/\/gyemantekszer.com\/en\/wp-json\/wp\/v2\/product_brand?post=247684"},{"taxonomy":"product_cat","embeddable":true,"href":"https:\/\/gyemantekszer.com\/en\/wp-json\/wp\/v2\/product_cat?post=247684"},{"taxonomy":"product_tag","embeddable":true,"href":"https:\/\/gyemantekszer.com\/en\/wp-json\/wp\/v2\/product_tag?post=247684"}],"curies":[{"name":"wp","href":"https:\/\/api.w.org\/{rel}","templated":true}]}}