{"id":247683,"date":"2018-06-02T07:48:08","date_gmt":"2018-06-02T05:48:08","guid":{"rendered":"https:\/\/gyemantekszer.com\/termek\/abir-gyemant-karikagyuru\/"},"modified":"2025-10-22T14:04:29","modified_gmt":"2025-10-22T12:04:29","slug":"abir-gyemant-karikagyuru","status":"publish","type":"product","link":"https:\/\/gyemantekszer.com\/en\/termek\/abir-gyemant-karikagyuru\/","title":{"rendered":"NARDELLI &#8211; Abir n\u0151i gy\u00e9m\u00e1nt karikagy\u0171r\u0171"},"content":{"rendered":"","protected":false},"excerpt":{"rendered":"<p>\u00dajragondolt modern st\u00edlusban k\u00e9sz\u00fclt, feh\u00e9rarany n\u0151i karikagy\u0171r\u0171, csillog\u00f3 gy\u00e9m\u00e1nt k\u00f6vekkel kirakva, k\u00fcl\u00f6nleges kidolgoz\u00e1sban.<\/p>\n<p>F\u00e9rfi p\u00e1rj\u00e1val megv\u00e1s\u00e1rolhat\u00f3, az Afra Gy\u00e9m\u00e1nt Karikagy\u0171r\u0171vel 4368.<\/p>\n","protected":false},"featured_media":237190,"comment_status":"open","ping_status":"closed","template":"","meta":{"_acf_changed":false},"product_brand":[],"product_cat":[1917,1919],"product_tag":[135,133,1515,1310,1305],"class_list":{"0":"post-247683","1":"product","2":"type-product","3":"status-publish","4":"has-post-thumbnail","6":"product_cat-gyuru","7":"product_cat-karikagyuru","8":"product_tag-eljegyzes","9":"product_tag-noi","10":"product_tag-gravirozhato","11":"product_tag-feher-gyemant","12":"product_tag-feher-arany","13":"pa_kollekcio-exkluziv-ekszerek","14":"pa_marka-nardelli","15":"pa_meret-181","16":"pa_otvozet-finomsaga-143","17":"pa_suly-29-gr","19":"first","20":"instock","21":"sold-individually","22":"taxable","23":"shipping-taxable","24":"purchasable","25":"product-type-simple"},"acf":[],"_links":{"self":[{"href":"https:\/\/gyemantekszer.com\/en\/wp-json\/wp\/v2\/product\/247683","targetHints":{"allow":["GET"]}}],"collection":[{"href":"https:\/\/gyemantekszer.com\/en\/wp-json\/wp\/v2\/product"}],"about":[{"href":"https:\/\/gyemantekszer.com\/en\/wp-json\/wp\/v2\/types\/product"}],"replies":[{"embeddable":true,"href":"https:\/\/gyemantekszer.com\/en\/wp-json\/wp\/v2\/comments?post=247683"}],"wp:featuredmedia":[{"embeddable":true,"href":"https:\/\/gyemantekszer.com\/en\/wp-json\/wp\/v2\/media\/237190"}],"wp:attachment":[{"href":"https:\/\/gyemantekszer.com\/en\/wp-json\/wp\/v2\/media?parent=247683"}],"wp:term":[{"taxonomy":"product_brand","embeddable":true,"href":"https:\/\/gyemantekszer.com\/en\/wp-json\/wp\/v2\/product_brand?post=247683"},{"taxonomy":"product_cat","embeddable":true,"href":"https:\/\/gyemantekszer.com\/en\/wp-json\/wp\/v2\/product_cat?post=247683"},{"taxonomy":"product_tag","embeddable":true,"href":"https:\/\/gyemantekszer.com\/en\/wp-json\/wp\/v2\/product_tag?post=247683"}],"curies":[{"name":"wp","href":"https:\/\/api.w.org\/{rel}","templated":true}]}}