{"id":247668,"date":"2018-05-30T10:44:25","date_gmt":"2018-05-30T08:44:25","guid":{"rendered":"https:\/\/gyemantekszer.com\/termek\/coscia-fuzetlen-akoya\/"},"modified":"2025-09-29T12:46:20","modified_gmt":"2025-09-29T10:46:20","slug":"coscia-fuzetlen-akoya","status":"publish","type":"product","link":"https:\/\/gyemantekszer.com\/en\/termek\/coscia-fuzetlen-akoya\/","title":{"rendered":"Coscia f\u0171z\u00f6tt akoya"},"content":{"rendered":"","protected":false},"excerpt":{"rendered":"<p><span data-sheets-value=\"{&quot;1&quot;:2,&quot;2&quot;:&quot;Ez egy csod\u00e1latos jap\u00e1n s\u00f3svizi akoya gy\u00f6ngysor, ami a gy\u00f6ngy\u00f6k kedvel\u0151inek egy k\u00f6l\u00f6nlegess\u00e9g. Exluziv gy\u00e9m\u00e1ntk\u00f6ves z\u00e1rral diszitett ,felf\u0171z\u00f6tt gy\u00f6ngysor ami gy\u00f6ny\u00f6r\u0171v\u00e9 teszi visel\u0151j\u00e9t. &quot;}\" data-sheets-userformat=\"{&quot;2&quot;:14851,&quot;3&quot;:{&quot;1&quot;:0},&quot;4&quot;:[null,2,16777215],&quot;12&quot;:0,&quot;14&quot;:[null,2,0],&quot;15&quot;:&quot;Calibri&quot;,&quot;16&quot;:11}\">Ez egy csod\u00e1latos jap\u00e1n s\u00f3svizi akoya gy\u00f6ngysor, ami a gy\u00f6ngy\u00f6k kedvel\u0151inek egy k\u00fcl\u00f6nlegess\u00e9g. Exluz\u00edv gy\u00e9m\u00e1ntk\u00f6ves z\u00e1rral d\u00edszitett, felf\u0171z\u00f6tt gy\u00f6ngysor ami gy\u00f6ny\u00f6r\u0171v\u00e9 teszi visel\u0151j\u00e9t. <\/span><\/p>\n","protected":false},"featured_media":237093,"comment_status":"open","ping_status":"open","template":"","meta":{"_acf_changed":false},"product_brand":[],"product_cat":[1924],"product_tag":[133,136],"class_list":{"0":"post-247668","1":"product","2":"type-product","3":"status-publish","4":"has-post-thumbnail","6":"product_cat-gyongysor","7":"product_tag-noi","8":"product_tag-gyongyos","9":"pa_kollekcio-exkluziv-ekszerek","10":"pa_marka-coscia","11":"pa_meret-39-cm-hosszu","12":"pa_otvozet-finomsaga-143","13":"pa_suly-37-gr-2","14":"pa_zarak-gyemantokkal-diszitett-zarresz","16":"first","17":"onrequest","18":"taxable","19":"shipping-taxable","20":"product-type-simple"},"acf":[],"_links":{"self":[{"href":"https:\/\/gyemantekszer.com\/en\/wp-json\/wp\/v2\/product\/247668","targetHints":{"allow":["GET"]}}],"collection":[{"href":"https:\/\/gyemantekszer.com\/en\/wp-json\/wp\/v2\/product"}],"about":[{"href":"https:\/\/gyemantekszer.com\/en\/wp-json\/wp\/v2\/types\/product"}],"replies":[{"embeddable":true,"href":"https:\/\/gyemantekszer.com\/en\/wp-json\/wp\/v2\/comments?post=247668"}],"wp:featuredmedia":[{"embeddable":true,"href":"https:\/\/gyemantekszer.com\/en\/wp-json\/wp\/v2\/media\/237093"}],"wp:attachment":[{"href":"https:\/\/gyemantekszer.com\/en\/wp-json\/wp\/v2\/media?parent=247668"}],"wp:term":[{"taxonomy":"product_brand","embeddable":true,"href":"https:\/\/gyemantekszer.com\/en\/wp-json\/wp\/v2\/product_brand?post=247668"},{"taxonomy":"product_cat","embeddable":true,"href":"https:\/\/gyemantekszer.com\/en\/wp-json\/wp\/v2\/product_cat?post=247668"},{"taxonomy":"product_tag","embeddable":true,"href":"https:\/\/gyemantekszer.com\/en\/wp-json\/wp\/v2\/product_tag?post=247668"}],"curies":[{"name":"wp","href":"https:\/\/api.w.org\/{rel}","templated":true}]}}