{"id":247628,"date":"2018-03-19T12:09:25","date_gmt":"2018-03-19T11:09:25","guid":{"rendered":"https:\/\/gyemantekszer.com\/termek\/changebles-cushion-gyemant-fulbevalo\/"},"modified":"2025-09-29T12:45:54","modified_gmt":"2025-09-29T10:45:54","slug":"changebles-cushion-gyemant-fulbevalo","status":"publish","type":"product","link":"https:\/\/gyemantekszer.com\/en\/termek\/changebles-cushion-gyemant-fulbevalo\/","title":{"rendered":"Changebles Cushion gy\u00e9m\u00e1nt f\u00fclbeval\u00f3"},"content":{"rendered":"","protected":false},"excerpt":{"rendered":"<p>A Royal Diamonds \u00c9kszerh\u00e1z exkluz\u00edvan forgalmazza Magyarorsz\u00e1gon a CHANGEABLES \u00e9kszerm\u00e1rk\u00e1t. Ez a legk\u00fcl\u00f6nlegesebb \u00e9s a leg\u00fajabb \u00e9kszerm\u00e1rka tulajdonk\u00e9ppen egy szabadalmaztatott \u00e9s lev\u00e9dett technol\u00f3gi\u00e1t foglal mag\u00e1ba, amit t\u00f6bb mint k\u00e9t \u00e9ven kereszt\u00fcl fejlesztettek ki Antwerpenben. A f\u0151 k\u00fcl\u00f6nlegess\u00e9ge, hogy ez a f\u00fclbeval\u00f3, h\u00e1rom az egyben gy\u00e9m\u00e1nt f\u00fclbeval\u00f3ban, hiszen ezen \u00e9kszerb\u0151l a h\u00e1rom k\u00f6z\u00e9ps\u0151 dr\u00e1gak\u0151 cser\u00e9lget\u00e9s\u00e9vel h\u00e1rom k\u00fcl\u00f6nb\u00f6z\u0151 hangulat\u00fa gy\u00e9m\u00e1nt f\u00fclbeval\u00f3t alkothatunk. \u00c9s ami tal\u00e1n a legfontosabb, hogy magunknak cser\u00e9lgethetj\u00fck kedv\u00fcnk szerint.\u00a0 A gy\u00e9m\u00e1nt f\u00fclbeval\u00f3hoz alap esetben is 3 sz\u00ednes dr\u00e1gak\u0151 j\u00e1r, amikhez viszont a j\u00f6v\u0151ben m\u00e1r eg\u00e9sz sz\u00edn palett\u00e1r\u00f3l v\u00e1laszthatunk extra dr\u00e1gak\u00f6veket. A gy\u00e9m\u00e1nt f\u00fclbeval\u00f3k hercegn\u0151je ez a k\u00fcl\u00f6nlegess\u00e9g, hiszen ak\u00e1r csak egy t\u00f6k\u00e9letes aj\u00e1nd\u00e9knak is a lehet\u0151 legk\u00fcl\u00f6nlegesebb v\u00e1laszt\u00e1s ez a f\u00fclbeval\u00f3 az \u00e9kszerek vil\u00e1g\u00e1ban.<\/p>\n","protected":false},"featured_media":16518,"comment_status":"open","ping_status":"open","template":"","meta":{"_acf_changed":false},"product_brand":[],"product_cat":[1918],"product_tag":[133,138,1310,1305],"class_list":{"0":"post-247628","1":"product","2":"type-product","3":"status-publish","4":"has-post-thumbnail","6":"product_cat-fulbevalo","7":"product_tag-noi","8":"product_tag-ekszer-szett","9":"product_tag-feher-gyemant","10":"product_tag-feher-arany","12":"first","13":"instock","14":"sold-individually","15":"taxable","16":"shipping-taxable","17":"purchasable","18":"product-type-simple"},"acf":[],"_links":{"self":[{"href":"https:\/\/gyemantekszer.com\/en\/wp-json\/wp\/v2\/product\/247628","targetHints":{"allow":["GET"]}}],"collection":[{"href":"https:\/\/gyemantekszer.com\/en\/wp-json\/wp\/v2\/product"}],"about":[{"href":"https:\/\/gyemantekszer.com\/en\/wp-json\/wp\/v2\/types\/product"}],"replies":[{"embeddable":true,"href":"https:\/\/gyemantekszer.com\/en\/wp-json\/wp\/v2\/comments?post=247628"}],"wp:featuredmedia":[{"embeddable":true,"href":"https:\/\/gyemantekszer.com\/en\/wp-json\/wp\/v2\/media\/16518"}],"wp:attachment":[{"href":"https:\/\/gyemantekszer.com\/en\/wp-json\/wp\/v2\/media?parent=247628"}],"wp:term":[{"taxonomy":"product_brand","embeddable":true,"href":"https:\/\/gyemantekszer.com\/en\/wp-json\/wp\/v2\/product_brand?post=247628"},{"taxonomy":"product_cat","embeddable":true,"href":"https:\/\/gyemantekszer.com\/en\/wp-json\/wp\/v2\/product_cat?post=247628"},{"taxonomy":"product_tag","embeddable":true,"href":"https:\/\/gyemantekszer.com\/en\/wp-json\/wp\/v2\/product_tag?post=247628"}],"curies":[{"name":"wp","href":"https:\/\/api.w.org\/{rel}","templated":true}]}}