{"id":247626,"date":"2018-03-19T11:44:03","date_gmt":"2018-03-19T10:44:03","guid":{"rendered":"https:\/\/gyemantekszer.com\/termek\/romantic-gyemant-karkoto\/"},"modified":"2025-09-29T12:45:54","modified_gmt":"2025-09-29T10:45:54","slug":"romantic-gyemant-karkoto","status":"publish","type":"product","link":"https:\/\/gyemantekszer.com\/en\/product\/romantic-gyemant-karkoto\/","title":{"rendered":"Romantic gy\u00e9m\u00e1nt kark\u00f6t\u0151"},"content":{"rendered":"","protected":false},"excerpt":{"rendered":"<p>Vir\u00e1g form\u00e1j\u00fa szikr\u00e1z\u00f3 gy\u00e9m\u00e1nt Kark\u00f6t\u0151. Csod\u00e1latos apr\u00f3l\u00e9kos foglal\u00e1s \u00e9s kimunk\u00e1l\u00e1s jellemzi ezt az r\u00f3zsasz\u00edn aranyb\u00f3l k\u00e9sz\u00fclt \u00e9kszert.<\/p>\n","protected":false},"featured_media":236970,"comment_status":"open","ping_status":"open","template":"","meta":{"_acf_changed":false},"product_brand":[],"product_cat":[1361],"product_tag":[1384,1390,1385,1383,1376],"class_list":{"0":"post-247626","1":"product","2":"type-product","3":"status-publish","4":"has-post-thumbnail","6":"product_cat-exclusive-bracelets","7":"product_tag-for-ladies","8":"product_tag-jewel-setts","9":"product_tag-rose-gold","10":"product_tag-sizeable","11":"product_tag-white-diamond","12":"pa_kollekcio-exkluziv-ekszerek","13":"pa_marka-lenti-villasco","14":"pa_meret-185-cm-hosszu","15":"pa_otvozet-finomsaga-143","16":"pa_suly-48-gr","18":"first","19":"outofstock","20":"sold-individually","21":"taxable","22":"shipping-taxable","23":"product-type-simple"},"acf":[],"_links":{"self":[{"href":"https:\/\/gyemantekszer.com\/en\/wp-json\/wp\/v2\/product\/247626","targetHints":{"allow":["GET"]}}],"collection":[{"href":"https:\/\/gyemantekszer.com\/en\/wp-json\/wp\/v2\/product"}],"about":[{"href":"https:\/\/gyemantekszer.com\/en\/wp-json\/wp\/v2\/types\/product"}],"replies":[{"embeddable":true,"href":"https:\/\/gyemantekszer.com\/en\/wp-json\/wp\/v2\/comments?post=247626"}],"wp:featuredmedia":[{"embeddable":true,"href":"https:\/\/gyemantekszer.com\/en\/wp-json\/wp\/v2\/media\/236970"}],"wp:attachment":[{"href":"https:\/\/gyemantekszer.com\/en\/wp-json\/wp\/v2\/media?parent=247626"}],"wp:term":[{"taxonomy":"product_brand","embeddable":true,"href":"https:\/\/gyemantekszer.com\/en\/wp-json\/wp\/v2\/product_brand?post=247626"},{"taxonomy":"product_cat","embeddable":true,"href":"https:\/\/gyemantekszer.com\/en\/wp-json\/wp\/v2\/product_cat?post=247626"},{"taxonomy":"product_tag","embeddable":true,"href":"https:\/\/gyemantekszer.com\/en\/wp-json\/wp\/v2\/product_tag?post=247626"}],"curies":[{"name":"wp","href":"https:\/\/api.w.org\/{rel}","templated":true}]}}