{"id":247606,"date":"2018-02-12T18:03:03","date_gmt":"2018-02-12T17:03:03","guid":{"rendered":"https:\/\/gyemantekszer.com\/termek\/lelune-gyemant-gyuru-3\/"},"modified":"2025-09-29T12:45:41","modified_gmt":"2025-09-29T10:45:41","slug":"lelune-gyemant-gyuru-3","status":"publish","type":"product","link":"https:\/\/gyemantekszer.com\/en\/termek\/lelune-gyemant-gyuru-3\/","title":{"rendered":"LE LUNE gy\u00e9m\u00e1nt gy\u0171r\u0171"},"content":{"rendered":"","protected":false},"excerpt":{"rendered":"<p>A LE LUNE m\u00e1rka klasszikus kollekci\u00f3j\u00e1nak darabja ez a finom gy\u00f6ngy gy\u0171r\u0171, mely bizonyosan elvar\u00e1zsol minden h\u00f6lgyet. Kiv\u00e1l\u00f3 v\u00e1laszt\u00e1s lehet egy feledhetetlen \u00e9s k\u00fcl\u00f6nleges alkalomra.<\/p>\n","protected":false},"featured_media":16134,"comment_status":"open","ping_status":"open","template":"","meta":{"_acf_changed":false},"product_brand":[],"product_cat":[1917],"product_tag":[135,133,1310,1305,136],"class_list":{"0":"post-247606","1":"product","2":"type-product","3":"status-publish","4":"has-post-thumbnail","6":"product_cat-gyuru","7":"product_tag-eljegyzes","8":"product_tag-noi","9":"product_tag-feher-gyemant","10":"product_tag-feher-arany","11":"product_tag-gyongyos","12":"pa_marka-le-lune","13":"pa_meret-303","14":"pa_suly-24-gr","16":"first","17":"onrequest","18":"sold-individually","19":"taxable","20":"shipping-taxable","21":"product-type-simple"},"acf":[],"_links":{"self":[{"href":"https:\/\/gyemantekszer.com\/en\/wp-json\/wp\/v2\/product\/247606","targetHints":{"allow":["GET"]}}],"collection":[{"href":"https:\/\/gyemantekszer.com\/en\/wp-json\/wp\/v2\/product"}],"about":[{"href":"https:\/\/gyemantekszer.com\/en\/wp-json\/wp\/v2\/types\/product"}],"replies":[{"embeddable":true,"href":"https:\/\/gyemantekszer.com\/en\/wp-json\/wp\/v2\/comments?post=247606"}],"wp:featuredmedia":[{"embeddable":true,"href":"https:\/\/gyemantekszer.com\/en\/wp-json\/wp\/v2\/media\/16134"}],"wp:attachment":[{"href":"https:\/\/gyemantekszer.com\/en\/wp-json\/wp\/v2\/media?parent=247606"}],"wp:term":[{"taxonomy":"product_brand","embeddable":true,"href":"https:\/\/gyemantekszer.com\/en\/wp-json\/wp\/v2\/product_brand?post=247606"},{"taxonomy":"product_cat","embeddable":true,"href":"https:\/\/gyemantekszer.com\/en\/wp-json\/wp\/v2\/product_cat?post=247606"},{"taxonomy":"product_tag","embeddable":true,"href":"https:\/\/gyemantekszer.com\/en\/wp-json\/wp\/v2\/product_tag?post=247606"}],"curies":[{"name":"wp","href":"https:\/\/api.w.org\/{rel}","templated":true}]}}