{"id":247589,"date":"2017-12-10T21:30:58","date_gmt":"2017-12-10T20:30:58","guid":{"rendered":"https:\/\/gyemantekszer.com\/termek\/tirisi-jewelry-seoul-black-gyemant-karkagyuru\/"},"modified":"2025-10-14T14:32:47","modified_gmt":"2025-10-14T12:32:47","slug":"tirisi-jewelry-seoul-black-gyemant-karkagyuru","status":"publish","type":"product","link":"https:\/\/gyemantekszer.com\/en\/product\/tirisi-jewelry-seoul-black-gyemant-karkagyuru\/","title":{"rendered":"Tirisi Jewelry &#8211; Seoul Black gy\u00e9m\u00e1nt karikagy\u0171r\u0171"},"content":{"rendered":"","protected":false},"excerpt":{"rendered":"<p>A ROYAL DIAMONDS \u00c9KSZERH\u00c1Z kiz\u00e1r\u00f3lagosan forgalmazza a nemzetk\u00f6zi TIRISI m\u00e1rk\u00e1t. Ez az exkluz\u00edv vil\u00e1g m\u00e1rka t\u00f6bb kateg\u00f3ri\u00e1ban el\u00e9rhet\u0151, melyekr\u0151l b\u00e1tran elmondhat\u00f3, hogy \u00f6tv\u00f6zik a st\u00edlus \u00e9s a divat vil\u00e1g\u00e1t. Ez a k\u00fcl\u00f6nleges sz\u00e9ps\u00e9g\u0171 gy\u0171r\u0171 a TIRISI JEWELRY kollekci\u00f3 darabja. A kollekci\u00f3ra jellemz\u0151, hogy vagy teljesen 18 kar\u00e1tos aranyb\u00f3l, vagy vegyesen 18 kar\u00e1tos aranyb\u00f3l \u00e9s ez\u00fcstb\u0151l k\u00e9sz\u00fcl.<\/p>\n<p>A gy\u0171r\u0171 r\u00e9sze,\u00a0 18 kar\u00e1tos\u00a0 feh\u00e9r arany.\u00a0 A kollekci\u00f3hoz tov\u00e1bbi kieg\u00e9sz\u00edt\u0151k tal\u00e1lhat\u00f3ak, gondoljuk ak\u00e1r f\u00fclbeval\u00f3ra vagy kark\u00f6t\u0151kre&#8230;<\/p>\n","protected":false},"featured_media":236874,"comment_status":"open","ping_status":"closed","template":"","meta":{"_acf_changed":false},"product_brand":[],"product_cat":[1917],"product_tag":[1377,1384,1383,1375],"class_list":{"0":"post-247589","1":"product","2":"type-product","3":"status-publish","4":"has-post-thumbnail","6":"product_cat-gyuru","7":"product_tag-black-diamond","8":"product_tag-for-ladies","9":"product_tag-sizeable","10":"product_tag-white-gold","11":"pa_kollekcio-exkluziv-ekszerek","12":"pa_marka-tirisi-jewelry","13":"pa_meret-156","14":"pa_otvozet-finomsaga-143","15":"pa_suly-70-gr","17":"first","18":"instock","19":"sold-individually","20":"taxable","21":"shipping-taxable","22":"purchasable","23":"product-type-simple"},"acf":[],"_links":{"self":[{"href":"https:\/\/gyemantekszer.com\/en\/wp-json\/wp\/v2\/product\/247589","targetHints":{"allow":["GET"]}}],"collection":[{"href":"https:\/\/gyemantekszer.com\/en\/wp-json\/wp\/v2\/product"}],"about":[{"href":"https:\/\/gyemantekszer.com\/en\/wp-json\/wp\/v2\/types\/product"}],"replies":[{"embeddable":true,"href":"https:\/\/gyemantekszer.com\/en\/wp-json\/wp\/v2\/comments?post=247589"}],"wp:featuredmedia":[{"embeddable":true,"href":"https:\/\/gyemantekszer.com\/en\/wp-json\/wp\/v2\/media\/236874"}],"wp:attachment":[{"href":"https:\/\/gyemantekszer.com\/en\/wp-json\/wp\/v2\/media?parent=247589"}],"wp:term":[{"taxonomy":"product_brand","embeddable":true,"href":"https:\/\/gyemantekszer.com\/en\/wp-json\/wp\/v2\/product_brand?post=247589"},{"taxonomy":"product_cat","embeddable":true,"href":"https:\/\/gyemantekszer.com\/en\/wp-json\/wp\/v2\/product_cat?post=247589"},{"taxonomy":"product_tag","embeddable":true,"href":"https:\/\/gyemantekszer.com\/en\/wp-json\/wp\/v2\/product_tag?post=247589"}],"curies":[{"name":"wp","href":"https:\/\/api.w.org\/{rel}","templated":true}]}}