{"id":247570,"date":"2017-12-06T13:49:14","date_gmt":"2017-12-06T12:49:14","guid":{"rendered":"https:\/\/gyemantekszer.com\/termek\/ivana-gyemant-gyuru-2\/"},"modified":"2026-03-06T14:32:27","modified_gmt":"2026-03-06T13:32:27","slug":"ivana-gyemant-gyuru-2","status":"publish","type":"product","link":"https:\/\/gyemantekszer.com\/en\/termek\/ivana-gyemant-gyuru-2\/","title":{"rendered":"Ivana gy\u00e9m\u00e1nt gy\u0171r\u0171 01"},"content":{"rendered":"","protected":false},"excerpt":{"rendered":"<p>Letisztult, finom vonal\u00fa s\u00e1rga arany gy\u00e9m\u00e1nt gy\u0171r\u0171. Csillog\u00f3 \u00e9kk\u00f6vekkel, \u00e9s klasszikus eleganci\u00e1val b\u0171v\u00f6l el. Minden alkalomra kiv\u00e1l\u00f3 v\u00e1laszt\u00e1s, pomp\u00e1s kieg\u00e9sz\u00edt\u0151je a st\u00edlusos megjelen\u00e9snek.<\/p>\n","protected":false},"featured_media":236819,"comment_status":"open","ping_status":"closed","template":"","meta":{"_acf_changed":false},"product_brand":[],"product_cat":[1917],"product_tag":[1316,133,140,1310,1307],"class_list":{"0":"post-247570","1":"product","2":"type-product","3":"status-publish","4":"has-post-thumbnail","6":"product_cat-gyuru","7":"product_tag-baba-gyermek","8":"product_tag-noi","9":"product_tag-meretezheto","10":"product_tag-feher-gyemant","11":"product_tag-sarga-arany","12":"pa_kollekcio-exkluziv-ekszerek","13":"pa_marka-kifuto-termek","14":"pa_meret-181","15":"pa_meret-367","16":"pa_meret-179","17":"pa_meret-470","18":"pa_otvozet-finomsaga-221","19":"pa_suly-28-gr","21":"first","22":"instock","23":"sale","24":"sold-individually","25":"taxable","26":"shipping-taxable","27":"purchasable","28":"product-type-simple"},"acf":[],"_links":{"self":[{"href":"https:\/\/gyemantekszer.com\/en\/wp-json\/wp\/v2\/product\/247570","targetHints":{"allow":["GET"]}}],"collection":[{"href":"https:\/\/gyemantekszer.com\/en\/wp-json\/wp\/v2\/product"}],"about":[{"href":"https:\/\/gyemantekszer.com\/en\/wp-json\/wp\/v2\/types\/product"}],"replies":[{"embeddable":true,"href":"https:\/\/gyemantekszer.com\/en\/wp-json\/wp\/v2\/comments?post=247570"}],"wp:featuredmedia":[{"embeddable":true,"href":"https:\/\/gyemantekszer.com\/en\/wp-json\/wp\/v2\/media\/236819"}],"wp:attachment":[{"href":"https:\/\/gyemantekszer.com\/en\/wp-json\/wp\/v2\/media?parent=247570"}],"wp:term":[{"taxonomy":"product_brand","embeddable":true,"href":"https:\/\/gyemantekszer.com\/en\/wp-json\/wp\/v2\/product_brand?post=247570"},{"taxonomy":"product_cat","embeddable":true,"href":"https:\/\/gyemantekszer.com\/en\/wp-json\/wp\/v2\/product_cat?post=247570"},{"taxonomy":"product_tag","embeddable":true,"href":"https:\/\/gyemantekszer.com\/en\/wp-json\/wp\/v2\/product_tag?post=247570"}],"curies":[{"name":"wp","href":"https:\/\/api.w.org\/{rel}","templated":true}]}}