{"id":247558,"date":"2018-03-23T11:00:46","date_gmt":"2018-03-23T10:00:46","guid":{"rendered":"https:\/\/gyemantekszer.com\/termek\/13007\/"},"modified":"2026-03-10T12:24:11","modified_gmt":"2026-03-10T11:24:11","slug":"13007","status":"publish","type":"product","link":"https:\/\/gyemantekszer.com\/en\/termek\/13007\/","title":{"rendered":"Pertico gy\u00e9m\u00e1nt karikagy\u0171r\u0171 p\u00e1r"},"content":{"rendered":"","protected":false},"excerpt":{"rendered":"<p>K\u00fcl\u00f6nlegesen sz\u00e9p v\u00e9s\u00e9ssel, \u00e9s l\u00e1gyan csillog\u00f3 brili\u00e1ns csiszol\u00e1s\u00fa gy\u00e9m\u00e1nttal d\u00edsz\u00edtett\u00e9k ezt az egyedi tervez\u00e9s\u0171, eleg\u00e1ns s\u00e1rga \u00e9s feh\u00e9r arany karikagy\u0171r\u0171 p\u00e1rt. A hossz\u00fa boldog \u00e9vek m\u00e9lt\u00f3 k\u00eds\u00e9r\u0151i lesznek ezek a gy\u00f6ny\u00f6r\u0171 karikagy\u0171r\u0171k.<\/p>\n","protected":false},"featured_media":236782,"comment_status":"open","ping_status":"closed","template":"","meta":{"_acf_changed":false},"product_brand":[],"product_cat":[1979],"product_tag":[1373,1384,1515,1390,1378,1383,1376,1375,1388],"class_list":{"0":"post-247558","1":"product","2":"type-product","3":"status-publish","4":"has-post-thumbnail","6":"product_cat-wedding-ring","7":"product_tag-engagement","8":"product_tag-for-ladies","9":"product_tag-gravirozhato","10":"product_tag-jewel-setts","11":"product_tag-men","12":"product_tag-sizeable","13":"product_tag-white-diamond","14":"product_tag-white-gold","15":"product_tag-yellow-gold","16":"pa_kollekcio-exkluziv-ekszerek","17":"pa_marka-royal-diamonds-by-alexandra-ronai","18":"pa_meret-noi-53-ferfi-62","19":"pa_otvozet-finomsaga-221","20":"pa_suly-77-gr","22":"first","23":"instock","24":"sold-individually","25":"taxable","26":"shipping-taxable","27":"purchasable","28":"product-type-simple"},"acf":[],"_links":{"self":[{"href":"https:\/\/gyemantekszer.com\/en\/wp-json\/wp\/v2\/product\/247558","targetHints":{"allow":["GET"]}}],"collection":[{"href":"https:\/\/gyemantekszer.com\/en\/wp-json\/wp\/v2\/product"}],"about":[{"href":"https:\/\/gyemantekszer.com\/en\/wp-json\/wp\/v2\/types\/product"}],"replies":[{"embeddable":true,"href":"https:\/\/gyemantekszer.com\/en\/wp-json\/wp\/v2\/comments?post=247558"}],"wp:featuredmedia":[{"embeddable":true,"href":"https:\/\/gyemantekszer.com\/en\/wp-json\/wp\/v2\/media\/236782"}],"wp:attachment":[{"href":"https:\/\/gyemantekszer.com\/en\/wp-json\/wp\/v2\/media?parent=247558"}],"wp:term":[{"taxonomy":"product_brand","embeddable":true,"href":"https:\/\/gyemantekszer.com\/en\/wp-json\/wp\/v2\/product_brand?post=247558"},{"taxonomy":"product_cat","embeddable":true,"href":"https:\/\/gyemantekszer.com\/en\/wp-json\/wp\/v2\/product_cat?post=247558"},{"taxonomy":"product_tag","embeddable":true,"href":"https:\/\/gyemantekszer.com\/en\/wp-json\/wp\/v2\/product_tag?post=247558"}],"curies":[{"name":"wp","href":"https:\/\/api.w.org\/{rel}","templated":true}]}}