{"id":247556,"date":"2017-10-15T16:21:49","date_gmt":"2017-10-15T14:21:49","guid":{"rendered":"https:\/\/gyemantekszer.com\/termek\/dalia-gyemant-gyuru\/"},"modified":"2025-12-18T16:31:08","modified_gmt":"2025-12-18T15:31:08","slug":"dalia-gyemant-gyuru","status":"publish","type":"product","link":"https:\/\/gyemantekszer.com\/en\/termek\/dalia-gyemant-gyuru\/","title":{"rendered":"D\u00e1lia gy\u00e9m\u00e1nt gy\u0171r\u0171"},"content":{"rendered":"","protected":false},"excerpt":{"rendered":"<p>Modern vonalvezet\u00e9s\u0171, s\u00e1rga arany szoliter gy\u0171r\u0171 mely, fiataloknak t\u00f6k\u00e9letes v\u00e1laszt\u00e1s lehet egy romantikus eljegyz\u00e9sre.<\/p>\n","protected":false},"featured_media":236776,"comment_status":"open","ping_status":"closed","template":"","meta":{"_acf_changed":false},"product_brand":[],"product_cat":[1359],"product_tag":[1373,1384,1383,1376,1388],"class_list":{"0":"post-247556","1":"product","2":"type-product","3":"status-publish","4":"has-post-thumbnail","6":"product_cat-exclusive-rings","7":"product_tag-engagement","8":"product_tag-for-ladies","9":"product_tag-sizeable","10":"product_tag-white-diamond","11":"product_tag-yellow-gold","12":"pa_kollekcio-exkluziv-ekszerek","13":"pa_marka-royal-diamonds-by-alexandra-ronai","14":"pa_meret-156","15":"pa_otvozet-finomsaga-221","16":"pa_suly-15-gr","18":"first","19":"instock","20":"sale","21":"sold-individually","22":"taxable","23":"shipping-taxable","24":"purchasable","25":"product-type-simple"},"acf":[],"_links":{"self":[{"href":"https:\/\/gyemantekszer.com\/en\/wp-json\/wp\/v2\/product\/247556","targetHints":{"allow":["GET"]}}],"collection":[{"href":"https:\/\/gyemantekszer.com\/en\/wp-json\/wp\/v2\/product"}],"about":[{"href":"https:\/\/gyemantekszer.com\/en\/wp-json\/wp\/v2\/types\/product"}],"replies":[{"embeddable":true,"href":"https:\/\/gyemantekszer.com\/en\/wp-json\/wp\/v2\/comments?post=247556"}],"wp:featuredmedia":[{"embeddable":true,"href":"https:\/\/gyemantekszer.com\/en\/wp-json\/wp\/v2\/media\/236776"}],"wp:attachment":[{"href":"https:\/\/gyemantekszer.com\/en\/wp-json\/wp\/v2\/media?parent=247556"}],"wp:term":[{"taxonomy":"product_brand","embeddable":true,"href":"https:\/\/gyemantekszer.com\/en\/wp-json\/wp\/v2\/product_brand?post=247556"},{"taxonomy":"product_cat","embeddable":true,"href":"https:\/\/gyemantekszer.com\/en\/wp-json\/wp\/v2\/product_cat?post=247556"},{"taxonomy":"product_tag","embeddable":true,"href":"https:\/\/gyemantekszer.com\/en\/wp-json\/wp\/v2\/product_tag?post=247556"}],"curies":[{"name":"wp","href":"https:\/\/api.w.org\/{rel}","templated":true}]}}