{"id":247552,"date":"2018-12-01T02:17:22","date_gmt":"2018-12-01T01:17:22","guid":{"rendered":"https:\/\/gyemantekszer.com\/termek\/marylin-gyemant-fulbevalo\/"},"modified":"2025-09-29T12:45:06","modified_gmt":"2025-09-29T10:45:06","slug":"marylin-gyemant-fulbevalo","status":"publish","type":"product","link":"https:\/\/gyemantekszer.com\/en\/termek\/marylin-gyemant-fulbevalo\/","title":{"rendered":"Marylin gy\u00e9m\u00e1nt f\u00fclbeval\u00f3"},"content":{"rendered":"","protected":false},"excerpt":{"rendered":"<p>L\u00e1tv\u00e1nyos, modern kivitelez\u00e9s\u0171,\u00a0 feh\u00e9r arany gy\u00e9m\u00e1nt f\u00fclbeval\u00f3, melynek kifinomult fels\u0151 \u00e9s als\u00f3 le l\u00f3g\u00f3 r\u00e9sz\u00e9t is gazdagon d\u00edsz\u00edtett\u00e9k k\u00fcl\u00f6nb\u00f6z\u0151 csiszol\u00e1s\u00fa gy\u00e9m\u00e1ntokkal.<\/p>\n<p>\u00d6nmag\u00e1ban viselve is igaz\u00e1n sz\u00e9p \u00e9s t\u00fcnd\u00f6kl\u0151 megjelen\u00e9st biztos\u00edthat egy eleg\u00e1ns est\u00e9lyen.<\/p>\n","protected":false},"featured_media":234433,"comment_status":"open","ping_status":"open","template":"","meta":{"_acf_changed":false},"product_brand":[],"product_cat":[1918],"product_tag":[133,138,1310,1305],"class_list":{"0":"post-247552","1":"product","2":"type-product","3":"status-publish","4":"has-post-thumbnail","6":"product_cat-fulbevalo","7":"product_tag-noi","8":"product_tag-ekszer-szett","9":"product_tag-feher-gyemant","10":"product_tag-feher-arany","11":"pa_kollekcio-exkluziv-ekszerek","12":"pa_marka-royal-diamonds-by-alexandra-ronai","13":"pa_meret-35-cm-hosszu","14":"pa_otvozet-finomsaga-143","15":"pa_suly-64-gr","16":"pa_zarak-francia-patent-zar","18":"first","19":"onrequest","20":"taxable","21":"shipping-taxable","22":"product-type-simple"},"acf":[],"_links":{"self":[{"href":"https:\/\/gyemantekszer.com\/en\/wp-json\/wp\/v2\/product\/247552","targetHints":{"allow":["GET"]}}],"collection":[{"href":"https:\/\/gyemantekszer.com\/en\/wp-json\/wp\/v2\/product"}],"about":[{"href":"https:\/\/gyemantekszer.com\/en\/wp-json\/wp\/v2\/types\/product"}],"replies":[{"embeddable":true,"href":"https:\/\/gyemantekszer.com\/en\/wp-json\/wp\/v2\/comments?post=247552"}],"wp:featuredmedia":[{"embeddable":true,"href":"https:\/\/gyemantekszer.com\/en\/wp-json\/wp\/v2\/media\/234433"}],"wp:attachment":[{"href":"https:\/\/gyemantekszer.com\/en\/wp-json\/wp\/v2\/media?parent=247552"}],"wp:term":[{"taxonomy":"product_brand","embeddable":true,"href":"https:\/\/gyemantekszer.com\/en\/wp-json\/wp\/v2\/product_brand?post=247552"},{"taxonomy":"product_cat","embeddable":true,"href":"https:\/\/gyemantekszer.com\/en\/wp-json\/wp\/v2\/product_cat?post=247552"},{"taxonomy":"product_tag","embeddable":true,"href":"https:\/\/gyemantekszer.com\/en\/wp-json\/wp\/v2\/product_tag?post=247552"}],"curies":[{"name":"wp","href":"https:\/\/api.w.org\/{rel}","templated":true}]}}