{"id":247548,"date":"2018-12-01T01:36:38","date_gmt":"2018-12-01T00:36:38","guid":{"rendered":"https:\/\/gyemantekszer.com\/termek\/12974\/"},"modified":"2025-09-29T12:45:05","modified_gmt":"2025-09-29T10:45:05","slug":"12974","status":"publish","type":"product","link":"https:\/\/gyemantekszer.com\/en\/product\/12974\/","title":{"rendered":"Marylin gy\u00e9m\u00e1nt gy\u0171r\u0171"},"content":{"rendered":"","protected":false},"excerpt":{"rendered":"<p>Elb\u0171v\u00f6l\u0151en szikr\u00e1z\u00f3, modern vonalvezet\u00e9s\u0171, l\u00e1tv\u00e1nyos gy\u00e9m\u00e1nt gy\u0171r\u0171, mely egy hozz\u00e1 ill\u0151 f\u00fclbeval\u00f3val egy igaz\u00e1n sz\u00e9p szolid de m\u00e9gis k\u00fcl\u00f6nleges megjelen\u00e9st adhat.<\/p>\n","protected":false},"featured_media":234431,"comment_status":"open","ping_status":"open","template":"","meta":{"_acf_changed":false},"product_brand":[],"product_cat":[1917,1923],"product_tag":[1384,1390,1383,1376,1375],"class_list":{"0":"post-247548","1":"product","2":"type-product","3":"status-publish","4":"has-post-thumbnail","6":"product_cat-gyuru","7":"product_cat-nyakek","8":"product_tag-for-ladies","9":"product_tag-jewel-setts","10":"product_tag-sizeable","11":"product_tag-white-diamond","12":"product_tag-white-gold","13":"pa_kollekcio-exkluziv-ekszerek","14":"pa_marka-royal-diamonds-by-alexandra-ronai","15":"pa_meret-42-gr","16":"pa_otvozet-finomsaga-143","17":"pa_suly-42-gr","19":"first","20":"outofstock","21":"sold-individually","22":"taxable","23":"shipping-taxable","24":"product-type-simple"},"acf":[],"_links":{"self":[{"href":"https:\/\/gyemantekszer.com\/en\/wp-json\/wp\/v2\/product\/247548","targetHints":{"allow":["GET"]}}],"collection":[{"href":"https:\/\/gyemantekszer.com\/en\/wp-json\/wp\/v2\/product"}],"about":[{"href":"https:\/\/gyemantekszer.com\/en\/wp-json\/wp\/v2\/types\/product"}],"replies":[{"embeddable":true,"href":"https:\/\/gyemantekszer.com\/en\/wp-json\/wp\/v2\/comments?post=247548"}],"wp:featuredmedia":[{"embeddable":true,"href":"https:\/\/gyemantekszer.com\/en\/wp-json\/wp\/v2\/media\/234431"}],"wp:attachment":[{"href":"https:\/\/gyemantekszer.com\/en\/wp-json\/wp\/v2\/media?parent=247548"}],"wp:term":[{"taxonomy":"product_brand","embeddable":true,"href":"https:\/\/gyemantekszer.com\/en\/wp-json\/wp\/v2\/product_brand?post=247548"},{"taxonomy":"product_cat","embeddable":true,"href":"https:\/\/gyemantekszer.com\/en\/wp-json\/wp\/v2\/product_cat?post=247548"},{"taxonomy":"product_tag","embeddable":true,"href":"https:\/\/gyemantekszer.com\/en\/wp-json\/wp\/v2\/product_tag?post=247548"}],"curies":[{"name":"wp","href":"https:\/\/api.w.org\/{rel}","templated":true}]}}