{"id":247517,"date":"2017-09-01T18:28:19","date_gmt":"2017-09-01T16:28:19","guid":{"rendered":"https:\/\/gyemantekszer.com\/termek\/mattioli-siriana-gyemant-fulbevalo-2\/"},"modified":"2025-09-29T12:44:41","modified_gmt":"2025-09-29T10:44:41","slug":"mattioli-siriana-gyemant-fulbevalo-2","status":"publish","type":"product","link":"https:\/\/gyemantekszer.com\/en\/termek\/mattioli-siriana-gyemant-fulbevalo-2\/","title":{"rendered":"Mattioli Siriana gy\u00e9m\u00e1nt f\u00fclbeval\u00f3"},"content":{"rendered":"","protected":false},"excerpt":{"rendered":"<p>Egyed\u00fcl\u00e1ll\u00f3 formatervezett f\u00fclbeval\u00f3, ami a szabads\u00e1g legmagasabb fok\u00e1t k\u00f6lcs\u00f6nzi, j\u00e1t\u00e9kok \u00e9s elk\u00e9pzel\u00e9sek egy kerek\u00edtett form\u00e1ban, mely lehet\u0151v\u00e9 teszi a vari\u00e1lhat\u00f3s\u00e1g lehet\u0151s\u00e9g\u00e9t. A sz\u00ednek v\u00e1ltozatoss\u00e1ga b\u00e1rmilyen szitu\u00e1ci\u00f3ra, hangulatra \u00e9s egy\u00e9nis\u00e9gre szabhat\u00f3, a gy\u00f6ngyh\u00e1z f\u00fcgg\u0151r\u00e9sz cser\u00e9lhet\u0151s\u00e9g\u00e9nek k\u00f6sz\u00f6nhet\u0151en.<\/p>\n","protected":false},"featured_media":236649,"comment_status":"open","ping_status":"open","template":"","meta":{"_acf_changed":false},"product_brand":[],"product_cat":[1357],"product_tag":[1384,1390,1385,1376],"class_list":{"0":"post-247517","1":"product","2":"type-product","3":"status-publish","4":"has-post-thumbnail","6":"product_cat-exclusive-earrings","7":"product_tag-for-ladies","8":"product_tag-jewel-setts","9":"product_tag-rose-gold","10":"product_tag-white-diamond","11":"pa_kollekcio-exkluziv-ekszerek","12":"pa_marka-mattioli","13":"pa_meret-4-0-cm-hosszu","14":"pa_otvozet-finomsaga-143","15":"pa_suly-77-gr","16":"pa_zarak-francia-patent-zar","18":"first","19":"onrequest","20":"sold-individually","21":"taxable","22":"shipping-taxable","23":"product-type-simple"},"acf":[],"_links":{"self":[{"href":"https:\/\/gyemantekszer.com\/en\/wp-json\/wp\/v2\/product\/247517","targetHints":{"allow":["GET"]}}],"collection":[{"href":"https:\/\/gyemantekszer.com\/en\/wp-json\/wp\/v2\/product"}],"about":[{"href":"https:\/\/gyemantekszer.com\/en\/wp-json\/wp\/v2\/types\/product"}],"replies":[{"embeddable":true,"href":"https:\/\/gyemantekszer.com\/en\/wp-json\/wp\/v2\/comments?post=247517"}],"wp:featuredmedia":[{"embeddable":true,"href":"https:\/\/gyemantekszer.com\/en\/wp-json\/wp\/v2\/media\/236649"}],"wp:attachment":[{"href":"https:\/\/gyemantekszer.com\/en\/wp-json\/wp\/v2\/media?parent=247517"}],"wp:term":[{"taxonomy":"product_brand","embeddable":true,"href":"https:\/\/gyemantekszer.com\/en\/wp-json\/wp\/v2\/product_brand?post=247517"},{"taxonomy":"product_cat","embeddable":true,"href":"https:\/\/gyemantekszer.com\/en\/wp-json\/wp\/v2\/product_cat?post=247517"},{"taxonomy":"product_tag","embeddable":true,"href":"https:\/\/gyemantekszer.com\/en\/wp-json\/wp\/v2\/product_tag?post=247517"}],"curies":[{"name":"wp","href":"https:\/\/api.w.org\/{rel}","templated":true}]}}