{"id":247496,"date":"2017-08-11T14:13:56","date_gmt":"2017-08-11T12:13:56","guid":{"rendered":"https:\/\/gyemantekszer.com\/termek\/lenti-villasco-eternity-gyemant-gyuru-2\/"},"modified":"2025-09-29T12:44:29","modified_gmt":"2025-09-29T10:44:29","slug":"lenti-villasco-eternity-gyemant-gyuru-2","status":"publish","type":"product","link":"https:\/\/gyemantekszer.com\/en\/termek\/lenti-villasco-eternity-gyemant-gyuru-2\/","title":{"rendered":"Lenti Villasco Eternity gy\u00e9m\u00e1nt gy\u0171r\u0171"},"content":{"rendered":"","protected":false},"excerpt":{"rendered":"<p>K\u00e1pr\u00e1zatosan csillog\u00f3, teljesen k\u00f6rbe foglalt gy\u00e9m\u00e1ntgy\u0171r\u0171. Ez a gy\u0171r\u0171 \u00f6nmag\u00e1ban is viselhet\u0151 karikagy\u0171r\u0171nek, de kiv\u00e1l\u00f3 a karikagy\u0171r\u0171 mell\u00e9 k\u00eds\u00e9r\u0151gy\u0171r\u0171nek is. Igazi \u00e9vfordul\u00f3s aj\u00e1nd\u00e9k.<\/p>\n","protected":false},"featured_media":236583,"comment_status":"open","ping_status":"open","template":"","meta":{"_acf_changed":false},"product_brand":[],"product_cat":[1919],"product_tag":[135,133,1310,1305],"class_list":{"0":"post-247496","1":"product","2":"type-product","3":"status-publish","4":"has-post-thumbnail","6":"product_cat-karikagyuru","7":"product_tag-eljegyzes","8":"product_tag-noi","9":"product_tag-feher-gyemant","10":"product_tag-feher-arany","11":"pa_kollekcio-exkluziv-ekszerek","12":"pa_marka-lenti-villasco","13":"pa_meret-259","14":"pa_otvozet-finomsaga-143","15":"pa_suly-27-gr","17":"first","18":"onrequest","19":"sold-individually","20":"taxable","21":"shipping-taxable","22":"product-type-simple"},"acf":[],"_links":{"self":[{"href":"https:\/\/gyemantekszer.com\/en\/wp-json\/wp\/v2\/product\/247496","targetHints":{"allow":["GET"]}}],"collection":[{"href":"https:\/\/gyemantekszer.com\/en\/wp-json\/wp\/v2\/product"}],"about":[{"href":"https:\/\/gyemantekszer.com\/en\/wp-json\/wp\/v2\/types\/product"}],"replies":[{"embeddable":true,"href":"https:\/\/gyemantekszer.com\/en\/wp-json\/wp\/v2\/comments?post=247496"}],"wp:featuredmedia":[{"embeddable":true,"href":"https:\/\/gyemantekszer.com\/en\/wp-json\/wp\/v2\/media\/236583"}],"wp:attachment":[{"href":"https:\/\/gyemantekszer.com\/en\/wp-json\/wp\/v2\/media?parent=247496"}],"wp:term":[{"taxonomy":"product_brand","embeddable":true,"href":"https:\/\/gyemantekszer.com\/en\/wp-json\/wp\/v2\/product_brand?post=247496"},{"taxonomy":"product_cat","embeddable":true,"href":"https:\/\/gyemantekszer.com\/en\/wp-json\/wp\/v2\/product_cat?post=247496"},{"taxonomy":"product_tag","embeddable":true,"href":"https:\/\/gyemantekszer.com\/en\/wp-json\/wp\/v2\/product_tag?post=247496"}],"curies":[{"name":"wp","href":"https:\/\/api.w.org\/{rel}","templated":true}]}}