{"id":247487,"date":"2017-08-10T19:50:46","date_gmt":"2017-08-10T17:50:46","guid":{"rendered":"https:\/\/gyemantekszer.com\/termek\/bellini-gyemant-gyuru\/"},"modified":"2025-10-02T16:38:01","modified_gmt":"2025-10-02T14:38:01","slug":"bellini-gyemant-gyuru","status":"publish","type":"product","link":"https:\/\/gyemantekszer.com\/en\/product\/bellini-gyemant-gyuru\/","title":{"rendered":"Bellini gy\u00e9m\u00e1nt gy\u0171r\u0171"},"content":{"rendered":"","protected":false},"excerpt":{"rendered":"<p>Szolidan eleg\u00e1ns karikagy\u0171r\u0171, melyet csod\u00e1latos gy\u00e9m\u00e1ntokkal d\u00edsz\u00edtettek f\u00e9lig k\u00f6rbe. K\u00eds\u00e9r\u0151 gy\u0171r\u0171nek, vagy ak\u00e1r \u00e9vfordul\u00f3s gy\u0171r\u0171nek is t\u00f6k\u00e9letes v\u00e1laszt\u00e1s. A gy\u0171r\u0171 fel\u00fclet\u00e9t nem teljesen foglalt\u00e1k k\u00f6rbe gy\u00e9m\u00e1ntokkal, ami az\u00e9rt lehet igen praktikus, hiszen az \u00e9vek sor\u00e1n az ujjaink m\u00e9rete v\u00e1ltozhat, \u00e9s \u00edgy ennek a gy\u0171r\u0171nek a m\u00e9rete \u00e1ll\u00edthat\u00f3.<\/p>\n","protected":false},"featured_media":249752,"comment_status":"open","ping_status":"closed","template":"","meta":{"_acf_changed":false},"product_brand":[],"product_cat":[1919],"product_tag":[1373,1384,1383,1376,1375],"class_list":{"0":"post-247487","1":"product","2":"type-product","3":"status-publish","4":"has-post-thumbnail","6":"product_cat-karikagyuru","7":"product_tag-engagement","8":"product_tag-for-ladies","9":"product_tag-sizeable","10":"product_tag-white-diamond","11":"product_tag-white-gold","12":"pa_kollekcio-exkluziv-ekszerek","13":"pa_marka-lenti-villasco","14":"pa_meret-156","15":"pa_otvozet-finomsaga-143","16":"pa_suly-43-gr","18":"first","19":"instock","20":"sold-individually","21":"taxable","22":"shipping-taxable","23":"purchasable","24":"product-type-simple"},"acf":[],"_links":{"self":[{"href":"https:\/\/gyemantekszer.com\/en\/wp-json\/wp\/v2\/product\/247487","targetHints":{"allow":["GET"]}}],"collection":[{"href":"https:\/\/gyemantekszer.com\/en\/wp-json\/wp\/v2\/product"}],"about":[{"href":"https:\/\/gyemantekszer.com\/en\/wp-json\/wp\/v2\/types\/product"}],"replies":[{"embeddable":true,"href":"https:\/\/gyemantekszer.com\/en\/wp-json\/wp\/v2\/comments?post=247487"}],"wp:featuredmedia":[{"embeddable":true,"href":"https:\/\/gyemantekszer.com\/en\/wp-json\/wp\/v2\/media\/249752"}],"wp:attachment":[{"href":"https:\/\/gyemantekszer.com\/en\/wp-json\/wp\/v2\/media?parent=247487"}],"wp:term":[{"taxonomy":"product_brand","embeddable":true,"href":"https:\/\/gyemantekszer.com\/en\/wp-json\/wp\/v2\/product_brand?post=247487"},{"taxonomy":"product_cat","embeddable":true,"href":"https:\/\/gyemantekszer.com\/en\/wp-json\/wp\/v2\/product_cat?post=247487"},{"taxonomy":"product_tag","embeddable":true,"href":"https:\/\/gyemantekszer.com\/en\/wp-json\/wp\/v2\/product_tag?post=247487"}],"curies":[{"name":"wp","href":"https:\/\/api.w.org\/{rel}","templated":true}]}}