{"id":247482,"date":"2017-08-10T10:51:24","date_gmt":"2017-08-10T08:51:24","guid":{"rendered":"https:\/\/gyemantekszer.com\/termek\/coscia-ametiszt-gyemant-gyuru\/"},"modified":"2025-09-29T12:44:24","modified_gmt":"2025-09-29T10:44:24","slug":"coscia-ametiszt-gyemant-gyuru","status":"publish","type":"product","link":"https:\/\/gyemantekszer.com\/en\/product\/coscia-ametiszt-gyemant-gyuru\/","title":{"rendered":"Coscia Ametiszt gy\u00e9m\u00e1nt gy\u0171r\u0171"},"content":{"rendered":"","protected":false},"excerpt":{"rendered":"<p>Leny\u0171g\u00f6z\u0151 gy\u00e9m\u00e1nt gy\u0171r\u0171, rose aranyb\u00f3l, k\u00f6zep\u00e9ben egy csod\u00e1latos ametiszttel. Igaz\u00e1n sz\u00e9p \u00e9s eml\u00e9kezetes aj\u00e1nd\u00e9k lehet b\u00e1rmilyen alkalomra.<\/p>\n","protected":false},"featured_media":236544,"comment_status":"open","ping_status":"open","template":"","meta":{"_acf_changed":false},"product_brand":[],"product_cat":[1359],"product_tag":[1373,1384,1390,1385,1383,1376],"class_list":{"0":"post-247482","1":"product","2":"type-product","3":"status-publish","4":"has-post-thumbnail","6":"product_cat-exclusive-rings","7":"product_tag-engagement","8":"product_tag-for-ladies","9":"product_tag-jewel-setts","10":"product_tag-rose-gold","11":"product_tag-sizeable","12":"product_tag-white-diamond","13":"pa_kollekcio-exkluziv-ekszerek","14":"pa_marka-coscia","15":"pa_meret-259","16":"pa_otvozet-finomsaga-143","17":"pa_suly-55-gr","19":"first","20":"onrequest","21":"sold-individually","22":"taxable","23":"shipping-taxable","24":"product-type-simple"},"acf":[],"_links":{"self":[{"href":"https:\/\/gyemantekszer.com\/en\/wp-json\/wp\/v2\/product\/247482","targetHints":{"allow":["GET"]}}],"collection":[{"href":"https:\/\/gyemantekszer.com\/en\/wp-json\/wp\/v2\/product"}],"about":[{"href":"https:\/\/gyemantekszer.com\/en\/wp-json\/wp\/v2\/types\/product"}],"replies":[{"embeddable":true,"href":"https:\/\/gyemantekszer.com\/en\/wp-json\/wp\/v2\/comments?post=247482"}],"wp:featuredmedia":[{"embeddable":true,"href":"https:\/\/gyemantekszer.com\/en\/wp-json\/wp\/v2\/media\/236544"}],"wp:attachment":[{"href":"https:\/\/gyemantekszer.com\/en\/wp-json\/wp\/v2\/media?parent=247482"}],"wp:term":[{"taxonomy":"product_brand","embeddable":true,"href":"https:\/\/gyemantekszer.com\/en\/wp-json\/wp\/v2\/product_brand?post=247482"},{"taxonomy":"product_cat","embeddable":true,"href":"https:\/\/gyemantekszer.com\/en\/wp-json\/wp\/v2\/product_cat?post=247482"},{"taxonomy":"product_tag","embeddable":true,"href":"https:\/\/gyemantekszer.com\/en\/wp-json\/wp\/v2\/product_tag?post=247482"}],"curies":[{"name":"wp","href":"https:\/\/api.w.org\/{rel}","templated":true}]}}