{"id":247480,"date":"2017-08-10T11:17:03","date_gmt":"2017-08-10T09:17:03","guid":{"rendered":"https:\/\/gyemantekszer.com\/termek\/irina-gyemant-karikagyuru-szett\/"},"modified":"2025-09-29T12:44:24","modified_gmt":"2025-09-29T10:44:24","slug":"irina-gyemant-karikagyuru-szett","status":"publish","type":"product","link":"https:\/\/gyemantekszer.com\/en\/termek\/irina-gyemant-karikagyuru-szett\/","title":{"rendered":"Irina gy\u00e9m\u00e1nt karikagy\u0171r\u0171 szett"},"content":{"rendered":"","protected":false},"excerpt":{"rendered":"<p>K\u00fcl\u00f6nlegesen sz\u00e9p v\u00e9s\u00e9ssel, \u00e9s l\u00e1gyan csillog\u00f3 brili\u00e1ns csiszol\u00e1s\u00fa gy\u00e9m\u00e1nttal d\u00edsz\u00edtett\u00e9k ezt az egyedi tervez\u00e9s\u0171, eleg\u00e1ns feh\u00e9r arany karikagy\u0171r\u0171 p\u00e1rt. A hossz\u00fa boldog \u00e9vek m\u00e9lt\u00f3 k\u00eds\u00e9r\u0151i lesznek ezek a gy\u00f6ny\u00f6r\u0171 karikagy\u0171r\u0171k.<\/p>\n","protected":false},"featured_media":236537,"comment_status":"open","ping_status":"open","template":"","meta":{"_acf_changed":false},"product_brand":[],"product_cat":[1919],"product_tag":[135,133,1920,138,134,140,1310,1305],"class_list":{"0":"post-247480","1":"product","2":"type-product","3":"status-publish","4":"has-post-thumbnail","6":"product_cat-karikagyuru","7":"product_tag-eljegyzes","8":"product_tag-noi","9":"product_tag-gravirozhato","10":"product_tag-ekszer-szett","11":"product_tag-ferfi","12":"product_tag-meretezheto","13":"product_tag-feher-gyemant","14":"product_tag-feher-arany","15":"pa_kollekcio-exkluziv-ekszerek","16":"pa_marka-royal-diamonds-by-alexandra-ronai","17":"pa_meret-53-69","18":"pa_otvozet-finomsaga-221","19":"pa_suly-150-gr","21":"first","22":"onrequest","23":"sold-individually","24":"taxable","25":"shipping-taxable","26":"product-type-simple"},"acf":[],"_links":{"self":[{"href":"https:\/\/gyemantekszer.com\/en\/wp-json\/wp\/v2\/product\/247480","targetHints":{"allow":["GET"]}}],"collection":[{"href":"https:\/\/gyemantekszer.com\/en\/wp-json\/wp\/v2\/product"}],"about":[{"href":"https:\/\/gyemantekszer.com\/en\/wp-json\/wp\/v2\/types\/product"}],"replies":[{"embeddable":true,"href":"https:\/\/gyemantekszer.com\/en\/wp-json\/wp\/v2\/comments?post=247480"}],"wp:featuredmedia":[{"embeddable":true,"href":"https:\/\/gyemantekszer.com\/en\/wp-json\/wp\/v2\/media\/236537"}],"wp:attachment":[{"href":"https:\/\/gyemantekszer.com\/en\/wp-json\/wp\/v2\/media?parent=247480"}],"wp:term":[{"taxonomy":"product_brand","embeddable":true,"href":"https:\/\/gyemantekszer.com\/en\/wp-json\/wp\/v2\/product_brand?post=247480"},{"taxonomy":"product_cat","embeddable":true,"href":"https:\/\/gyemantekszer.com\/en\/wp-json\/wp\/v2\/product_cat?post=247480"},{"taxonomy":"product_tag","embeddable":true,"href":"https:\/\/gyemantekszer.com\/en\/wp-json\/wp\/v2\/product_tag?post=247480"}],"curies":[{"name":"wp","href":"https:\/\/api.w.org\/{rel}","templated":true}]}}