{"id":247479,"date":"2017-08-10T10:10:56","date_gmt":"2017-08-10T08:10:56","guid":{"rendered":"https:\/\/gyemantekszer.com\/termek\/poltes-gyemant-karikagyuru-szett\/"},"modified":"2025-09-29T12:44:17","modified_gmt":"2025-09-29T10:44:17","slug":"poltes-gyemant-karikagyuru-szett","status":"publish","type":"product","link":"https:\/\/gyemantekszer.com\/en\/termek\/poltes-gyemant-karikagyuru-szett\/","title":{"rendered":"Poltes gy\u00e9m\u00e1nt karikagy\u0171r\u0171 szett"},"content":{"rendered":"","protected":false},"excerpt":{"rendered":"<p>Kecses hull\u00e1mvonal fut v\u00e9gig, \u00e9s jelk\u00e9pezi a hossz\u00fa boldog h\u00e1zass\u00e1got ezen a gy\u00f6ny\u00f6r\u0171en kidolgozott feh\u00e9r arany karikagy\u0171r\u0171 p\u00e1rban. A n\u0151i gy\u0171r\u0171t szikr\u00e1z\u00f3an csillog\u00f3 gy\u00e9m\u00e1ntokkal is d\u00edsz\u00edtett\u00e9k. Egyszer\u0171 \u00e9s visszafogott, m\u00e9gis id\u0151tlen eleganci\u00e1t sugall. Kiv\u00e1l\u00f3 viselet minden alkalomra egy \u00e9leten \u00e1t.<\/p>\n","protected":false},"featured_media":236531,"comment_status":"open","ping_status":"open","template":"","meta":{"_acf_changed":false},"product_brand":[],"product_cat":[1919],"product_tag":[135,133,1920,138,134,140,1310,1305],"class_list":{"0":"post-247479","1":"product","2":"type-product","3":"status-publish","4":"has-post-thumbnail","6":"product_cat-karikagyuru","7":"product_tag-eljegyzes","8":"product_tag-noi","9":"product_tag-gravirozhato","10":"product_tag-ekszer-szett","11":"product_tag-ferfi","12":"product_tag-meretezheto","13":"product_tag-feher-gyemant","14":"product_tag-feher-arany","15":"pa_kollekcio-exkluziv-ekszerek","16":"pa_marka-royal-diamonds-by-alexandra-ronai","17":"pa_meret-noi-53-ferfi-66","18":"pa_otvozet-finomsaga-221","19":"pa_suly-73-gr","21":"first","22":"onrequest","23":"sold-individually","24":"taxable","25":"shipping-taxable","26":"product-type-simple"},"acf":[],"_links":{"self":[{"href":"https:\/\/gyemantekszer.com\/en\/wp-json\/wp\/v2\/product\/247479","targetHints":{"allow":["GET"]}}],"collection":[{"href":"https:\/\/gyemantekszer.com\/en\/wp-json\/wp\/v2\/product"}],"about":[{"href":"https:\/\/gyemantekszer.com\/en\/wp-json\/wp\/v2\/types\/product"}],"replies":[{"embeddable":true,"href":"https:\/\/gyemantekszer.com\/en\/wp-json\/wp\/v2\/comments?post=247479"}],"wp:featuredmedia":[{"embeddable":true,"href":"https:\/\/gyemantekszer.com\/en\/wp-json\/wp\/v2\/media\/236531"}],"wp:attachment":[{"href":"https:\/\/gyemantekszer.com\/en\/wp-json\/wp\/v2\/media?parent=247479"}],"wp:term":[{"taxonomy":"product_brand","embeddable":true,"href":"https:\/\/gyemantekszer.com\/en\/wp-json\/wp\/v2\/product_brand?post=247479"},{"taxonomy":"product_cat","embeddable":true,"href":"https:\/\/gyemantekszer.com\/en\/wp-json\/wp\/v2\/product_cat?post=247479"},{"taxonomy":"product_tag","embeddable":true,"href":"https:\/\/gyemantekszer.com\/en\/wp-json\/wp\/v2\/product_tag?post=247479"}],"curies":[{"name":"wp","href":"https:\/\/api.w.org\/{rel}","templated":true}]}}