{"id":247478,"date":"2017-08-10T09:19:30","date_gmt":"2017-08-10T07:19:30","guid":{"rendered":"https:\/\/gyemantekszer.com\/termek\/virgi-gyemant-karikagyuru-szett\/"},"modified":"2026-03-10T12:27:18","modified_gmt":"2026-03-10T11:27:18","slug":"virgi-gyemant-karikagyuru-szett","status":"publish","type":"product","link":"https:\/\/gyemantekszer.com\/en\/termek\/virgi-gyemant-karikagyuru-szett\/","title":{"rendered":"Virgi gy\u00e9m\u00e1nt karikagy\u0171r\u0171 szett"},"content":{"rendered":"","protected":false},"excerpt":{"rendered":"<p>\u00dcde sz\u00ednvil\u00e1ggal k\u00e1pr\u00e1ztat el ez a csodasz\u00e9p karikagy\u0171r\u0171 p\u00e1r, hiszen a s\u00e1rga \u00e9s a r\u00f3zsasz\u00edn arany \u00f6tv\u00f6z\u0151dik benne. Klasszikus st\u00edlusban, sz\u00e9p v\u00e9s\u00e9ssel szeg\u00e9lyezve k\u00e9sz\u00fclt. A menyasszony gy\u0171r\u0171j\u00e9t k\u00f6rben gy\u00f6ny\u00f6r\u0171 brili\u00e1ns csiszol\u00e1s\u00fa gy\u00e9m\u00e1ntok \u00e9kes\u00edtik.<\/p>\n","protected":false},"featured_media":236527,"comment_status":"open","ping_status":"closed","template":"","meta":{"_acf_changed":false},"product_brand":[],"product_cat":[1979],"product_tag":[1373,1384,1515,1390,1378,1385,1376,1388],"class_list":{"0":"post-247478","1":"product","2":"type-product","3":"status-publish","4":"has-post-thumbnail","6":"product_cat-wedding-ring","7":"product_tag-engagement","8":"product_tag-for-ladies","9":"product_tag-gravirozhato","10":"product_tag-jewel-setts","11":"product_tag-men","12":"product_tag-rose-gold","13":"product_tag-white-diamond","14":"product_tag-yellow-gold","15":"pa_kollekcio-exkluziv-ekszerek","16":"pa_marka-royal-diamonds-by-alexandra-ronai","17":"pa_meret-55-70","18":"pa_otvozet-finomsaga-221","19":"pa_suly-127-gr","21":"first","22":"instock","23":"sold-individually","24":"taxable","25":"shipping-taxable","26":"purchasable","27":"product-type-simple"},"acf":[],"_links":{"self":[{"href":"https:\/\/gyemantekszer.com\/en\/wp-json\/wp\/v2\/product\/247478","targetHints":{"allow":["GET"]}}],"collection":[{"href":"https:\/\/gyemantekszer.com\/en\/wp-json\/wp\/v2\/product"}],"about":[{"href":"https:\/\/gyemantekszer.com\/en\/wp-json\/wp\/v2\/types\/product"}],"replies":[{"embeddable":true,"href":"https:\/\/gyemantekszer.com\/en\/wp-json\/wp\/v2\/comments?post=247478"}],"wp:featuredmedia":[{"embeddable":true,"href":"https:\/\/gyemantekszer.com\/en\/wp-json\/wp\/v2\/media\/236527"}],"wp:attachment":[{"href":"https:\/\/gyemantekszer.com\/en\/wp-json\/wp\/v2\/media?parent=247478"}],"wp:term":[{"taxonomy":"product_brand","embeddable":true,"href":"https:\/\/gyemantekszer.com\/en\/wp-json\/wp\/v2\/product_brand?post=247478"},{"taxonomy":"product_cat","embeddable":true,"href":"https:\/\/gyemantekszer.com\/en\/wp-json\/wp\/v2\/product_cat?post=247478"},{"taxonomy":"product_tag","embeddable":true,"href":"https:\/\/gyemantekszer.com\/en\/wp-json\/wp\/v2\/product_tag?post=247478"}],"curies":[{"name":"wp","href":"https:\/\/api.w.org\/{rel}","templated":true}]}}