{"id":247477,"date":"2017-08-10T09:12:34","date_gmt":"2017-08-10T07:12:34","guid":{"rendered":"https:\/\/gyemantekszer.com\/termek\/gralte-gyemant-karikagyuru-szett\/"},"modified":"2025-09-29T12:44:17","modified_gmt":"2025-09-29T10:44:17","slug":"gralte-gyemant-karikagyuru-szett","status":"publish","type":"product","link":"https:\/\/gyemantekszer.com\/en\/product\/gralte-gyemant-karikagyuru-szett\/","title":{"rendered":"Gralte gy\u00e9m\u00e1nt karikagy\u0171r\u0171 szett"},"content":{"rendered":"","protected":false},"excerpt":{"rendered":"<p>Exkluz\u00edv feh\u00e9r arany gy\u00e9m\u00e1nt karikagy\u0171r\u0171 p\u00e1r, melyet elragad\u00f3an sz\u00e9p fel\u00fclet kidolgoz\u00e1ssal k\u00e9sz\u00edtettek. A n\u0151i gy\u0171r\u0171t gy\u00f6ny\u00f6r\u0171en csillog\u00f3 brili\u00e1ns csiszol\u00e1s\u00fa gy\u00e9m\u00e1nt d\u00edsz\u00edti. T\u00f6k\u00e9letes v\u00e1laszt\u00e1s egy \u00e9letre.<\/p>\n","protected":false},"featured_media":236521,"comment_status":"open","ping_status":"open","template":"","meta":{"_acf_changed":false},"product_brand":[],"product_cat":[1919],"product_tag":[135,133,1920,134,140,1310,1305],"class_list":{"0":"post-247477","1":"product","2":"type-product","3":"status-publish","4":"has-post-thumbnail","6":"product_cat-karikagyuru","7":"product_tag-eljegyzes","8":"product_tag-noi","9":"product_tag-gravirozhato","10":"product_tag-ferfi","11":"product_tag-meretezheto","12":"product_tag-feher-gyemant","13":"product_tag-feher-arany","14":"pa_kollekcio-exkluziv-ekszerek","15":"pa_marka-royal-diamonds-by-alexandra-ronai","16":"pa_meret-55-62","17":"pa_otvozet-finomsaga-221","18":"pa_suly-99-gr","20":"first","21":"onrequest","22":"taxable","23":"shipping-taxable","24":"product-type-simple"},"acf":[],"_links":{"self":[{"href":"https:\/\/gyemantekszer.com\/en\/wp-json\/wp\/v2\/product\/247477","targetHints":{"allow":["GET"]}}],"collection":[{"href":"https:\/\/gyemantekszer.com\/en\/wp-json\/wp\/v2\/product"}],"about":[{"href":"https:\/\/gyemantekszer.com\/en\/wp-json\/wp\/v2\/types\/product"}],"replies":[{"embeddable":true,"href":"https:\/\/gyemantekszer.com\/en\/wp-json\/wp\/v2\/comments?post=247477"}],"wp:featuredmedia":[{"embeddable":true,"href":"https:\/\/gyemantekszer.com\/en\/wp-json\/wp\/v2\/media\/236521"}],"wp:attachment":[{"href":"https:\/\/gyemantekszer.com\/en\/wp-json\/wp\/v2\/media?parent=247477"}],"wp:term":[{"taxonomy":"product_brand","embeddable":true,"href":"https:\/\/gyemantekszer.com\/en\/wp-json\/wp\/v2\/product_brand?post=247477"},{"taxonomy":"product_cat","embeddable":true,"href":"https:\/\/gyemantekszer.com\/en\/wp-json\/wp\/v2\/product_cat?post=247477"},{"taxonomy":"product_tag","embeddable":true,"href":"https:\/\/gyemantekszer.com\/en\/wp-json\/wp\/v2\/product_tag?post=247477"}],"curies":[{"name":"wp","href":"https:\/\/api.w.org\/{rel}","templated":true}]}}