{"id":247476,"date":"2017-08-10T09:04:55","date_gmt":"2017-08-10T07:04:55","guid":{"rendered":"https:\/\/gyemantekszer.com\/termek\/moltia-gyemant-karikagyuru-szett\/"},"modified":"2025-09-29T12:44:16","modified_gmt":"2025-09-29T10:44:16","slug":"moltia-gyemant-karikagyuru-szett","status":"publish","type":"product","link":"https:\/\/gyemantekszer.com\/en\/termek\/moltia-gyemant-karikagyuru-szett\/","title":{"rendered":"Moltia gy\u00e9m\u00e1nt karikagy\u0171r\u0171 szett"},"content":{"rendered":"","protected":false},"excerpt":{"rendered":"<p>A s\u00e1rga \u00e9s feh\u00e9r arany sz\u00ednei gy\u00f6ny\u00f6r\u0171 harm\u00f3ni\u00e1ban olvadnak \u00f6ssze ebben a karikagy\u0171r\u0171 p\u00e1rban, ak\u00e1r egy szerelmes p\u00e1r. Csillog\u00f3 gy\u00e9m\u00e1ntok koron\u00e1zz\u00e1k meg az \u00e9kszer sz\u00e9ps\u00e9g\u00e9t. Csod\u00e1s v\u00e1laszt\u00e1s egy eleg\u00e1ns esk\u00fcv\u0151re, \u00e9s a sok-sok boldog \u00e9vre.<\/p>\n","protected":false},"featured_media":236514,"comment_status":"open","ping_status":"open","template":"","meta":{"_acf_changed":false},"product_brand":[],"product_cat":[1979],"product_tag":[1373,1384,1920,1390,1378,1383,1376,1375,1388],"class_list":{"0":"post-247476","1":"product","2":"type-product","3":"status-publish","4":"has-post-thumbnail","6":"product_cat-wedding-ring","7":"product_tag-engagement","8":"product_tag-for-ladies","9":"product_tag-gravirozhato","10":"product_tag-jewel-setts","11":"product_tag-men","12":"product_tag-sizeable","13":"product_tag-white-diamond","14":"product_tag-white-gold","15":"product_tag-yellow-gold","16":"pa_kollekcio-exkluziv-ekszerek","17":"pa_marka-royal-diamonds-by-alexandra-ronai","18":"pa_meret-noi-52-ferfi-59","19":"pa_otvozet-finomsaga-221","20":"pa_suly-125-gr","22":"first","23":"onrequest","24":"taxable","25":"shipping-taxable","26":"product-type-simple"},"acf":[],"_links":{"self":[{"href":"https:\/\/gyemantekszer.com\/en\/wp-json\/wp\/v2\/product\/247476","targetHints":{"allow":["GET"]}}],"collection":[{"href":"https:\/\/gyemantekszer.com\/en\/wp-json\/wp\/v2\/product"}],"about":[{"href":"https:\/\/gyemantekszer.com\/en\/wp-json\/wp\/v2\/types\/product"}],"replies":[{"embeddable":true,"href":"https:\/\/gyemantekszer.com\/en\/wp-json\/wp\/v2\/comments?post=247476"}],"wp:featuredmedia":[{"embeddable":true,"href":"https:\/\/gyemantekszer.com\/en\/wp-json\/wp\/v2\/media\/236514"}],"wp:attachment":[{"href":"https:\/\/gyemantekszer.com\/en\/wp-json\/wp\/v2\/media?parent=247476"}],"wp:term":[{"taxonomy":"product_brand","embeddable":true,"href":"https:\/\/gyemantekszer.com\/en\/wp-json\/wp\/v2\/product_brand?post=247476"},{"taxonomy":"product_cat","embeddable":true,"href":"https:\/\/gyemantekszer.com\/en\/wp-json\/wp\/v2\/product_cat?post=247476"},{"taxonomy":"product_tag","embeddable":true,"href":"https:\/\/gyemantekszer.com\/en\/wp-json\/wp\/v2\/product_tag?post=247476"}],"curies":[{"name":"wp","href":"https:\/\/api.w.org\/{rel}","templated":true}]}}