{"id":247451,"date":"2017-07-24T18:24:46","date_gmt":"2017-07-24T16:24:46","guid":{"rendered":"https:\/\/gyemantekszer.com\/termek\/alcaly-arany-fulbevalo\/"},"modified":"2026-03-05T13:38:41","modified_gmt":"2026-03-05T12:38:41","slug":"alcaly-arany-fulbevalo","status":"publish","type":"product","link":"https:\/\/gyemantekszer.com\/en\/termek\/alcaly-arany-fulbevalo\/","title":{"rendered":"Alcaly arany f\u00fclbeval\u00f3"},"content":{"rendered":"","protected":false},"excerpt":{"rendered":"<p>Eleg\u00e1ns, csavart vonalvezet\u00e9s\u0171 s\u00e1rga arany f\u00fclbeval\u00f3. Az \u00e9kszer sz\u00e9ps\u00e9g\u00e9t \u00e9s finoms\u00e1g\u00e1t a f\u00e9nyes minta emeli ki. Kiv\u00e1l\u00f3 kieg\u00e9sz\u00edt\u0151, melyet b\u00e1tran viselhet\u00fcnk a mindennapok sor\u00e1n.<\/p>\n","protected":false},"featured_media":236445,"comment_status":"open","ping_status":"closed","template":"","meta":{"_acf_changed":false},"product_brand":[],"product_cat":[1918],"product_tag":[133,1307],"class_list":{"0":"post-247451","1":"product","2":"type-product","3":"status-publish","4":"has-post-thumbnail","6":"product_cat-fulbevalo","7":"product_tag-noi","8":"product_tag-sarga-arany","9":"pa_kollekcio-premium-ekszerek","10":"pa_meret-35-cm-hosszu","11":"pa_otvozet-finomsaga-221","12":"pa_suly-37-gr","13":"pa_zarak-specialis-biztonsagi-zar","15":"first","16":"instock","17":"sale","18":"sold-individually","19":"taxable","20":"shipping-taxable","21":"purchasable","22":"product-type-simple"},"acf":[],"_links":{"self":[{"href":"https:\/\/gyemantekszer.com\/en\/wp-json\/wp\/v2\/product\/247451","targetHints":{"allow":["GET"]}}],"collection":[{"href":"https:\/\/gyemantekszer.com\/en\/wp-json\/wp\/v2\/product"}],"about":[{"href":"https:\/\/gyemantekszer.com\/en\/wp-json\/wp\/v2\/types\/product"}],"replies":[{"embeddable":true,"href":"https:\/\/gyemantekszer.com\/en\/wp-json\/wp\/v2\/comments?post=247451"}],"wp:featuredmedia":[{"embeddable":true,"href":"https:\/\/gyemantekszer.com\/en\/wp-json\/wp\/v2\/media\/236445"}],"wp:attachment":[{"href":"https:\/\/gyemantekszer.com\/en\/wp-json\/wp\/v2\/media?parent=247451"}],"wp:term":[{"taxonomy":"product_brand","embeddable":true,"href":"https:\/\/gyemantekszer.com\/en\/wp-json\/wp\/v2\/product_brand?post=247451"},{"taxonomy":"product_cat","embeddable":true,"href":"https:\/\/gyemantekszer.com\/en\/wp-json\/wp\/v2\/product_cat?post=247451"},{"taxonomy":"product_tag","embeddable":true,"href":"https:\/\/gyemantekszer.com\/en\/wp-json\/wp\/v2\/product_tag?post=247451"}],"curies":[{"name":"wp","href":"https:\/\/api.w.org\/{rel}","templated":true}]}}