{"id":247443,"date":"2017-06-21T16:03:32","date_gmt":"2017-06-21T14:03:32","guid":{"rendered":"https:\/\/gyemantekszer.com\/termek\/ludmilla-arany-gyuru\/"},"modified":"2026-03-04T15:34:26","modified_gmt":"2026-03-04T14:34:26","slug":"ludmilla-arany-gyuru","status":"publish","type":"product","link":"https:\/\/gyemantekszer.com\/en\/product\/ludmilla-arany-gyuru\/","title":{"rendered":"Ludmilla arany gy\u0171r\u0171"},"content":{"rendered":"","protected":false},"excerpt":{"rendered":"<p>Igaz\u00e1n mutat\u00f3s s\u00e1rga \u00e9s feh\u00e9r arany kombin\u00e1l\u00e1s\u00e1val k\u00e9sz\u00fclt ez a fiatalos st\u00edlus\u00fa gy\u0171r\u0171, melyet sz\u00e9pen csillog\u00f3 feh\u00e9r k\u00f6vekkel is \u00e9kes\u00edtettek.<\/p>\n","protected":false},"featured_media":236412,"comment_status":"open","ping_status":"closed","template":"","meta":{"_acf_changed":false},"product_brand":[],"product_cat":[1917],"product_tag":[1384,1383,1388],"class_list":{"0":"post-247443","1":"product","2":"type-product","3":"status-publish","4":"has-post-thumbnail","6":"product_cat-gyuru","7":"product_tag-for-ladies","8":"product_tag-sizeable","9":"product_tag-yellow-gold","10":"pa_kollekcio-premium-ekszerek","11":"pa_meret-179","12":"pa_otvozet-finomsaga-221","13":"pa_suly-40-gr","15":"first","16":"instock","17":"sale","18":"sold-individually","19":"taxable","20":"shipping-taxable","21":"purchasable","22":"product-type-simple"},"acf":[],"_links":{"self":[{"href":"https:\/\/gyemantekszer.com\/en\/wp-json\/wp\/v2\/product\/247443","targetHints":{"allow":["GET"]}}],"collection":[{"href":"https:\/\/gyemantekszer.com\/en\/wp-json\/wp\/v2\/product"}],"about":[{"href":"https:\/\/gyemantekszer.com\/en\/wp-json\/wp\/v2\/types\/product"}],"replies":[{"embeddable":true,"href":"https:\/\/gyemantekszer.com\/en\/wp-json\/wp\/v2\/comments?post=247443"}],"wp:featuredmedia":[{"embeddable":true,"href":"https:\/\/gyemantekszer.com\/en\/wp-json\/wp\/v2\/media\/236412"}],"wp:attachment":[{"href":"https:\/\/gyemantekszer.com\/en\/wp-json\/wp\/v2\/media?parent=247443"}],"wp:term":[{"taxonomy":"product_brand","embeddable":true,"href":"https:\/\/gyemantekszer.com\/en\/wp-json\/wp\/v2\/product_brand?post=247443"},{"taxonomy":"product_cat","embeddable":true,"href":"https:\/\/gyemantekszer.com\/en\/wp-json\/wp\/v2\/product_cat?post=247443"},{"taxonomy":"product_tag","embeddable":true,"href":"https:\/\/gyemantekszer.com\/en\/wp-json\/wp\/v2\/product_tag?post=247443"}],"curies":[{"name":"wp","href":"https:\/\/api.w.org\/{rel}","templated":true}]}}