{"id":247416,"date":"2017-04-02T17:20:53","date_gmt":"2017-04-02T15:20:53","guid":{"rendered":"https:\/\/gyemantekszer.com\/termek\/alvaro-gyemant-karikagyuru\/"},"modified":"2026-03-11T16:24:27","modified_gmt":"2026-03-11T15:24:27","slug":"alvaro-gyemant-karikagyuru","status":"publish","type":"product","link":"https:\/\/gyemantekszer.com\/en\/termek\/alvaro-gyemant-karikagyuru\/","title":{"rendered":"Alvaro gy\u00e9m\u00e1nt karikagy\u0171r\u0171"},"content":{"rendered":"","protected":false},"excerpt":{"rendered":"<p>Eleg\u00e1ns unisex feh\u00e9r arany karikagy\u0171r\u0171, melynek visszafogottabb matt\u00edrozott fel\u00fclet\u00e9be, s\u00fcllyesztett foglalatba egy brili\u00e1ns csiszol\u00e1s\u00fa feh\u00e9r gy\u00e9m\u00e1ntot foglaltak. Modern megjelen\u00e9s\u00e9nek k\u00f6sz\u00f6nhet\u0151en n\u0151i vagy f\u00e9rfi karikagy\u0171r\u0171 de ak\u00e1r n\u0151i eljegyz\u00e9si gy\u0171r\u0171 is lehet.<\/p>\n","protected":false},"featured_media":236305,"comment_status":"open","ping_status":"closed","template":"","meta":{"_acf_changed":false},"product_brand":[],"product_cat":[1919],"product_tag":[135,133,1515,134,140,1310,1305],"class_list":{"0":"post-247416","1":"product","2":"type-product","3":"status-publish","4":"has-post-thumbnail","6":"product_cat-karikagyuru","7":"product_tag-eljegyzes","8":"product_tag-noi","9":"product_tag-gravirozhato","10":"product_tag-ferfi","11":"product_tag-meretezheto","12":"product_tag-feher-gyemant","13":"product_tag-feher-arany","14":"pa_kollekcio-exkluziv-ekszerek","15":"pa_marka-royal-diamonds-by-alexandra-ronai","16":"pa_meret-188","17":"pa_otvozet-finomsaga-221","18":"pa_suly-54-gr","20":"first","21":"instock","22":"sold-individually","23":"taxable","24":"shipping-taxable","25":"purchasable","26":"product-type-simple"},"acf":[],"_links":{"self":[{"href":"https:\/\/gyemantekszer.com\/en\/wp-json\/wp\/v2\/product\/247416","targetHints":{"allow":["GET"]}}],"collection":[{"href":"https:\/\/gyemantekszer.com\/en\/wp-json\/wp\/v2\/product"}],"about":[{"href":"https:\/\/gyemantekszer.com\/en\/wp-json\/wp\/v2\/types\/product"}],"replies":[{"embeddable":true,"href":"https:\/\/gyemantekszer.com\/en\/wp-json\/wp\/v2\/comments?post=247416"}],"wp:featuredmedia":[{"embeddable":true,"href":"https:\/\/gyemantekszer.com\/en\/wp-json\/wp\/v2\/media\/236305"}],"wp:attachment":[{"href":"https:\/\/gyemantekszer.com\/en\/wp-json\/wp\/v2\/media?parent=247416"}],"wp:term":[{"taxonomy":"product_brand","embeddable":true,"href":"https:\/\/gyemantekszer.com\/en\/wp-json\/wp\/v2\/product_brand?post=247416"},{"taxonomy":"product_cat","embeddable":true,"href":"https:\/\/gyemantekszer.com\/en\/wp-json\/wp\/v2\/product_cat?post=247416"},{"taxonomy":"product_tag","embeddable":true,"href":"https:\/\/gyemantekszer.com\/en\/wp-json\/wp\/v2\/product_tag?post=247416"}],"curies":[{"name":"wp","href":"https:\/\/api.w.org\/{rel}","templated":true}]}}