{"id":247410,"date":"2017-03-29T20:18:15","date_gmt":"2017-03-29T18:18:15","guid":{"rendered":"https:\/\/gyemantekszer.com\/termek\/coscia-capri-gyemant-fulbevalo\/"},"modified":"2025-09-29T12:43:34","modified_gmt":"2025-09-29T10:43:34","slug":"coscia-capri-gyemant-fulbevalo","status":"publish","type":"product","link":"https:\/\/gyemantekszer.com\/en\/termek\/coscia-capri-gyemant-fulbevalo\/","title":{"rendered":"Coscia Capri gy\u00e9m\u00e1nt f\u00fclbeval\u00f3"},"content":{"rendered":"","protected":false},"excerpt":{"rendered":"<p>Igaz\u00e1n modern \u00e9s divatos st\u00edlust k\u00e9pvisel\u0151, gy\u00e9m\u00e1ntokkal d\u00edsz\u00edtett, r\u00f3zsasz\u00edn aranyb\u00f3l megmunk\u00e1lt gy\u00f6ngy f\u00fclbeval\u00f3, melynek k\u00fcl\u00f6nleges fels\u0151 r\u00e9sze egy r\u00f3zsasz\u00edn gy\u00f6ngy sz\u00ednnel megegyez\u0151 sz\u00e9ps\u00e9ges gy\u00f6ngyh\u00e1zb\u00f3l \u00e9s a fel\u00fclet\u00e9re csiszolt hegyikrist\u00e1lyb\u00f3l \u00e1ll. A finom r\u00f3zsasz\u00edn sz\u00edn \u00e1rnyalatok, a ros\u00e9 arany, \u00e9s gy\u00e9m\u00e1ntok kombin\u00e1ci\u00f3ja igaz\u00e1n st\u00edlusos megjelen\u00e9st ad.<\/p>\n","protected":false},"featured_media":236279,"comment_status":"open","ping_status":"open","template":"","meta":{"_acf_changed":false},"product_brand":[],"product_cat":[1357],"product_tag":[1384,1390,1385,1376,1379],"class_list":{"0":"post-247410","1":"product","2":"type-product","3":"status-publish","4":"has-post-thumbnail","6":"product_cat-exclusive-earrings","7":"product_tag-for-ladies","8":"product_tag-jewel-setts","9":"product_tag-rose-gold","10":"product_tag-white-diamond","11":"product_tag-with-pearls","12":"pa_kollekcio-exkluziv-ekszerek","13":"pa_marka-coscia","14":"pa_meret-4-cm-hosszu","15":"pa_otvozet-finomsaga-143","16":"pa_suly-81-gr","17":"pa_zarak-stekkeres-atszuros-zar","19":"first","20":"instock","21":"sale","22":"sold-individually","23":"taxable","24":"shipping-taxable","25":"purchasable","26":"product-type-simple"},"acf":[],"_links":{"self":[{"href":"https:\/\/gyemantekszer.com\/en\/wp-json\/wp\/v2\/product\/247410","targetHints":{"allow":["GET"]}}],"collection":[{"href":"https:\/\/gyemantekszer.com\/en\/wp-json\/wp\/v2\/product"}],"about":[{"href":"https:\/\/gyemantekszer.com\/en\/wp-json\/wp\/v2\/types\/product"}],"replies":[{"embeddable":true,"href":"https:\/\/gyemantekszer.com\/en\/wp-json\/wp\/v2\/comments?post=247410"}],"wp:featuredmedia":[{"embeddable":true,"href":"https:\/\/gyemantekszer.com\/en\/wp-json\/wp\/v2\/media\/236279"}],"wp:attachment":[{"href":"https:\/\/gyemantekszer.com\/en\/wp-json\/wp\/v2\/media?parent=247410"}],"wp:term":[{"taxonomy":"product_brand","embeddable":true,"href":"https:\/\/gyemantekszer.com\/en\/wp-json\/wp\/v2\/product_brand?post=247410"},{"taxonomy":"product_cat","embeddable":true,"href":"https:\/\/gyemantekszer.com\/en\/wp-json\/wp\/v2\/product_cat?post=247410"},{"taxonomy":"product_tag","embeddable":true,"href":"https:\/\/gyemantekszer.com\/en\/wp-json\/wp\/v2\/product_tag?post=247410"}],"curies":[{"name":"wp","href":"https:\/\/api.w.org\/{rel}","templated":true}]}}