{"id":247408,"date":"2017-03-29T19:47:11","date_gmt":"2017-03-29T17:47:11","guid":{"rendered":"https:\/\/gyemantekszer.com\/termek\/jazmina-gyemant-gyuru\/"},"modified":"2026-03-09T13:10:54","modified_gmt":"2026-03-09T12:10:54","slug":"jazmina-gyemant-gyuru","status":"publish","type":"product","link":"https:\/\/gyemantekszer.com\/en\/termek\/jazmina-gyemant-gyuru\/","title":{"rendered":"Jazmina gy\u00e9m\u00e1nt gy\u0171r\u0171"},"content":{"rendered":"","protected":false},"excerpt":{"rendered":"<p>Modern \u00e9s fiatalos feh\u00e9r arany eljegyz\u00e9si gy\u0171r\u0171, melynek k\u00f6z\u00e9ppontj\u00e1ban egy sz\u00e9ps\u00e9ges feh\u00e9r gy\u00e9m\u00e1nt \u00e1ll. A k\u00f6z\u00e9ps\u0151 k\u00f6vet az apr\u00f3 feh\u00e9r gy\u00e9m\u00e1ntok m\u00e9g jobban kiemelik \u00e9s m\u00e9g l\u00e1tv\u00e1nyosabb\u00e1 teszik. Igaz\u00e1n romantikus \u00e9s var\u00e1zslatos v\u00e1laszt\u00e1s eljegyz\u00e9sre vagy \u00e9vfordul\u00f3ra.<\/p>\n","protected":false},"featured_media":236272,"comment_status":"open","ping_status":"open","template":"","meta":{"_acf_changed":false},"product_brand":[],"product_cat":[1917],"product_tag":[135,133,140,1310,1305],"class_list":{"0":"post-247408","1":"product","2":"type-product","3":"status-publish","4":"has-post-thumbnail","6":"product_cat-gyuru","7":"product_tag-eljegyzes","8":"product_tag-noi","9":"product_tag-meretezheto","10":"product_tag-feher-gyemant","11":"product_tag-feher-arany","12":"pa_kollekcio-exkluziv-ekszerek","13":"pa_marka-royal-diamonds-by-alexandra-ronai","14":"pa_meret-303","15":"pa_otvozet-finomsaga-143","16":"pa_suly-28-gr","18":"first","19":"onrequest","20":"taxable","21":"shipping-taxable","22":"product-type-simple"},"acf":[],"_links":{"self":[{"href":"https:\/\/gyemantekszer.com\/en\/wp-json\/wp\/v2\/product\/247408","targetHints":{"allow":["GET"]}}],"collection":[{"href":"https:\/\/gyemantekszer.com\/en\/wp-json\/wp\/v2\/product"}],"about":[{"href":"https:\/\/gyemantekszer.com\/en\/wp-json\/wp\/v2\/types\/product"}],"replies":[{"embeddable":true,"href":"https:\/\/gyemantekszer.com\/en\/wp-json\/wp\/v2\/comments?post=247408"}],"wp:featuredmedia":[{"embeddable":true,"href":"https:\/\/gyemantekszer.com\/en\/wp-json\/wp\/v2\/media\/236272"}],"wp:attachment":[{"href":"https:\/\/gyemantekszer.com\/en\/wp-json\/wp\/v2\/media?parent=247408"}],"wp:term":[{"taxonomy":"product_brand","embeddable":true,"href":"https:\/\/gyemantekszer.com\/en\/wp-json\/wp\/v2\/product_brand?post=247408"},{"taxonomy":"product_cat","embeddable":true,"href":"https:\/\/gyemantekszer.com\/en\/wp-json\/wp\/v2\/product_cat?post=247408"},{"taxonomy":"product_tag","embeddable":true,"href":"https:\/\/gyemantekszer.com\/en\/wp-json\/wp\/v2\/product_tag?post=247408"}],"curies":[{"name":"wp","href":"https:\/\/api.w.org\/{rel}","templated":true}]}}