{"id":247406,"date":"2017-03-29T19:30:51","date_gmt":"2017-03-29T17:30:51","guid":{"rendered":"https:\/\/gyemantekszer.com\/termek\/margaret-gyemant-gyuru\/"},"modified":"2026-03-09T13:10:54","modified_gmt":"2026-03-09T12:10:54","slug":"margaret-gyemant-gyuru","status":"publish","type":"product","link":"https:\/\/gyemantekszer.com\/en\/termek\/margaret-gyemant-gyuru\/","title":{"rendered":"Margaret gy\u00e9m\u00e1nt gy\u0171r\u0171"},"content":{"rendered":"","protected":false},"excerpt":{"rendered":"<p>Modern vonalvezet\u00e9s\u0171 exkluz\u00edv gy\u00e9m\u00e1nt gy\u0171r\u0171, melyet az egyedi tervez\u00e9s kiemeli a hagyom\u00e1nyos formavil\u00e1gb\u00f3l. A r\u00f3zsasz\u00edn \u00e9s a feh\u00e9r arany kombin\u00e1ci\u00f3ja igaz\u00e1n divatos \u00e9s k\u00fcl\u00f6nleges megjelen\u00e9st k\u00f6lcs\u00f6n\u00f6z ennek a klasszikus eljegyz\u00e9si gy\u0171r\u0171nek.<\/p>\n","protected":false},"featured_media":236266,"comment_status":"open","ping_status":"open","template":"","meta":{"_acf_changed":false},"product_brand":[],"product_cat":[1359],"product_tag":[1373,1384,1385,1383,1376,1375],"class_list":{"0":"post-247406","1":"product","2":"type-product","3":"status-publish","4":"has-post-thumbnail","6":"product_cat-exclusive-rings","7":"product_tag-engagement","8":"product_tag-for-ladies","9":"product_tag-rose-gold","10":"product_tag-sizeable","11":"product_tag-white-diamond","12":"product_tag-white-gold","13":"pa_kollekcio-exkluziv-ekszerek","14":"pa_marka-royal-diamonds-by-alexandra-ronai","15":"pa_meret-259","16":"pa_otvozet-finomsaga-143","17":"pa_suly-51-gr","19":"first","20":"onrequest","21":"taxable","22":"shipping-taxable","23":"product-type-simple"},"acf":[],"_links":{"self":[{"href":"https:\/\/gyemantekszer.com\/en\/wp-json\/wp\/v2\/product\/247406","targetHints":{"allow":["GET"]}}],"collection":[{"href":"https:\/\/gyemantekszer.com\/en\/wp-json\/wp\/v2\/product"}],"about":[{"href":"https:\/\/gyemantekszer.com\/en\/wp-json\/wp\/v2\/types\/product"}],"replies":[{"embeddable":true,"href":"https:\/\/gyemantekszer.com\/en\/wp-json\/wp\/v2\/comments?post=247406"}],"wp:featuredmedia":[{"embeddable":true,"href":"https:\/\/gyemantekszer.com\/en\/wp-json\/wp\/v2\/media\/236266"}],"wp:attachment":[{"href":"https:\/\/gyemantekszer.com\/en\/wp-json\/wp\/v2\/media?parent=247406"}],"wp:term":[{"taxonomy":"product_brand","embeddable":true,"href":"https:\/\/gyemantekszer.com\/en\/wp-json\/wp\/v2\/product_brand?post=247406"},{"taxonomy":"product_cat","embeddable":true,"href":"https:\/\/gyemantekszer.com\/en\/wp-json\/wp\/v2\/product_cat?post=247406"},{"taxonomy":"product_tag","embeddable":true,"href":"https:\/\/gyemantekszer.com\/en\/wp-json\/wp\/v2\/product_tag?post=247406"}],"curies":[{"name":"wp","href":"https:\/\/api.w.org\/{rel}","templated":true}]}}