{"id":247405,"date":"2017-03-29T19:23:34","date_gmt":"2017-03-29T17:23:34","guid":{"rendered":"https:\/\/gyemantekszer.com\/termek\/karolina-gyemant-gyuru\/"},"modified":"2025-09-29T12:43:32","modified_gmt":"2025-09-29T10:43:32","slug":"karolina-gyemant-gyuru","status":"publish","type":"product","link":"https:\/\/gyemantekszer.com\/en\/termek\/karolina-gyemant-gyuru\/","title":{"rendered":"Karolina gy\u00e9m\u00e1nt gy\u0171r\u0171"},"content":{"rendered":"","protected":false},"excerpt":{"rendered":"<p>Rendk\u00edv\u00fclien mutat\u00f3s, egyedi tervez\u00e9s\u0171, finom megmunk\u00e1l\u00e1s\u00fa k\u00fcl\u00f6nleges eljegyz\u00e9si gy\u0171r\u0171, melynek k\u00f6z\u00e9ppontj\u00e1ban egy meglehet\u0151sen \u00e9rt\u00e9kes brili\u00e1ns csiszol\u00e1s\u00fa gy\u00e9m\u00e1nt szikr\u00e1zik. A k\u00f6z\u00e9ps\u0151 k\u00f6vet a sok apr\u00f3 csillog\u00f3 gy\u00e9m\u00e1nt m\u00e9g jobban kiemeli, \u00e9s \u00edgy lesz igaz\u00e1n pomp\u00e1zatos ez a gy\u00f6ny\u00f6r\u0171 gy\u0171r\u0171. T\u00f6k\u00e9letes v\u00e1laszt\u00e1s eljegyz\u00e9sre \u00e9s \u00e9vfordul\u00f3s aj\u00e1nd\u00e9knak egyar\u00e1nt.<\/p>\n","protected":false},"featured_media":236263,"comment_status":"open","ping_status":"open","template":"","meta":{"_acf_changed":false},"product_brand":[],"product_cat":[1917],"product_tag":[135,133,140,1310,1305],"class_list":{"0":"post-247405","1":"product","2":"type-product","3":"status-publish","4":"has-post-thumbnail","6":"product_cat-gyuru","7":"product_tag-eljegyzes","8":"product_tag-noi","9":"product_tag-meretezheto","10":"product_tag-feher-gyemant","11":"product_tag-feher-arany","12":"pa_kollekcio-exkluziv-ekszerek","13":"pa_marka-royal-diamonds-by-alexandra-ronai","14":"pa_meret-187","15":"pa_otvozet-finomsaga-143","16":"pa_suly-73-gr","18":"first","19":"instock","20":"sold-individually","21":"taxable","22":"shipping-taxable","23":"purchasable","24":"product-type-simple"},"acf":[],"_links":{"self":[{"href":"https:\/\/gyemantekszer.com\/en\/wp-json\/wp\/v2\/product\/247405","targetHints":{"allow":["GET"]}}],"collection":[{"href":"https:\/\/gyemantekszer.com\/en\/wp-json\/wp\/v2\/product"}],"about":[{"href":"https:\/\/gyemantekszer.com\/en\/wp-json\/wp\/v2\/types\/product"}],"replies":[{"embeddable":true,"href":"https:\/\/gyemantekszer.com\/en\/wp-json\/wp\/v2\/comments?post=247405"}],"wp:featuredmedia":[{"embeddable":true,"href":"https:\/\/gyemantekszer.com\/en\/wp-json\/wp\/v2\/media\/236263"}],"wp:attachment":[{"href":"https:\/\/gyemantekszer.com\/en\/wp-json\/wp\/v2\/media?parent=247405"}],"wp:term":[{"taxonomy":"product_brand","embeddable":true,"href":"https:\/\/gyemantekszer.com\/en\/wp-json\/wp\/v2\/product_brand?post=247405"},{"taxonomy":"product_cat","embeddable":true,"href":"https:\/\/gyemantekszer.com\/en\/wp-json\/wp\/v2\/product_cat?post=247405"},{"taxonomy":"product_tag","embeddable":true,"href":"https:\/\/gyemantekszer.com\/en\/wp-json\/wp\/v2\/product_tag?post=247405"}],"curies":[{"name":"wp","href":"https:\/\/api.w.org\/{rel}","templated":true}]}}