{"id":247359,"date":"2017-03-05T20:17:46","date_gmt":"2017-03-05T19:17:46","guid":{"rendered":"https:\/\/gyemantekszer.com\/termek\/patricio-gyemant-pecsetgyuru\/"},"modified":"2026-03-09T16:37:23","modified_gmt":"2026-03-09T15:37:23","slug":"patricio-gyemant-pecsetgyuru","status":"publish","type":"product","link":"https:\/\/gyemantekszer.com\/en\/product\/patricio-gyemant-pecsetgyuru\/","title":{"rendered":"Patricio gy\u00e9m\u00e1nt pecs\u00e9tgy\u0171r\u0171"},"content":{"rendered":"","protected":false},"excerpt":{"rendered":"<p>Letisztult form\u00e1val rendelkez\u0151, feh\u00e9r arany pecs\u00e9tgy\u0171r\u0171 melyben h\u00e1rom gy\u00e9m\u00e1nt szikr\u00e1zik. Igaz\u00e1n sz\u00e9p Unisex \u00e9kszer.<\/p>\n","protected":false},"featured_media":236104,"comment_status":"open","ping_status":"closed","template":"","meta":{"_acf_changed":false},"product_brand":[],"product_cat":[1917],"product_tag":[1384,1515,1378,1383,1376,1375],"class_list":{"0":"post-247359","1":"product","2":"type-product","3":"status-publish","4":"has-post-thumbnail","6":"product_cat-gyuru","7":"product_tag-for-ladies","8":"product_tag-gravirozhato","9":"product_tag-men","10":"product_tag-sizeable","11":"product_tag-white-diamond","12":"product_tag-white-gold","13":"pa_kollekcio-exkluziv-ekszerek","14":"pa_marka-kifuto-termek","15":"pa_meret-181","16":"pa_otvozet-finomsaga-221","17":"pa_suly-53-gr","19":"first","20":"instock","21":"sale","22":"sold-individually","23":"taxable","24":"shipping-taxable","25":"purchasable","26":"product-type-simple"},"acf":[],"_links":{"self":[{"href":"https:\/\/gyemantekszer.com\/en\/wp-json\/wp\/v2\/product\/247359","targetHints":{"allow":["GET"]}}],"collection":[{"href":"https:\/\/gyemantekszer.com\/en\/wp-json\/wp\/v2\/product"}],"about":[{"href":"https:\/\/gyemantekszer.com\/en\/wp-json\/wp\/v2\/types\/product"}],"replies":[{"embeddable":true,"href":"https:\/\/gyemantekszer.com\/en\/wp-json\/wp\/v2\/comments?post=247359"}],"wp:featuredmedia":[{"embeddable":true,"href":"https:\/\/gyemantekszer.com\/en\/wp-json\/wp\/v2\/media\/236104"}],"wp:attachment":[{"href":"https:\/\/gyemantekszer.com\/en\/wp-json\/wp\/v2\/media?parent=247359"}],"wp:term":[{"taxonomy":"product_brand","embeddable":true,"href":"https:\/\/gyemantekszer.com\/en\/wp-json\/wp\/v2\/product_brand?post=247359"},{"taxonomy":"product_cat","embeddable":true,"href":"https:\/\/gyemantekszer.com\/en\/wp-json\/wp\/v2\/product_cat?post=247359"},{"taxonomy":"product_tag","embeddable":true,"href":"https:\/\/gyemantekszer.com\/en\/wp-json\/wp\/v2\/product_tag?post=247359"}],"curies":[{"name":"wp","href":"https:\/\/api.w.org\/{rel}","templated":true}]}}