{"id":247338,"date":"2017-07-27T10:16:42","date_gmt":"2017-07-27T08:16:42","guid":{"rendered":"https:\/\/gyemantekszer.com\/termek\/agostina-gyemant-karikagyuru-3\/"},"modified":"2025-09-29T12:42:48","modified_gmt":"2025-09-29T10:42:48","slug":"agostina-gyemant-karikagyuru-3","status":"publish","type":"product","link":"https:\/\/gyemantekszer.com\/en\/termek\/agostina-gyemant-karikagyuru-3\/","title":{"rendered":"Agostina gy\u00e9m\u00e1nt karikagy\u0171r\u0171"},"content":{"rendered":"","protected":false},"excerpt":{"rendered":"<p>Letisztult eleg\u00e1ns feh\u00e9r arany karikagy\u0171r\u0171 k\u00f6z\u00e9pen egy sorban konyak sz\u00edn\u0171 gy\u00e9m\u00e1ntokkal d\u00edsz\u00edtve, melyet k\u00e9t oldalr\u00f3l teljesen k\u00f6rbe feh\u00e9r gy\u00e9m\u00e1ntok d\u00edsz\u00edtenek.<\/p>\n","protected":false},"featured_media":236045,"comment_status":"open","ping_status":"open","template":"","meta":{"_acf_changed":false},"product_brand":[],"product_cat":[1359,1979],"product_tag":[1373,1384,1376,1375],"class_list":{"0":"post-247338","1":"product","2":"type-product","3":"status-publish","4":"has-post-thumbnail","6":"product_cat-exclusive-rings","7":"product_cat-wedding-ring","8":"product_tag-engagement","9":"product_tag-for-ladies","10":"product_tag-white-diamond","11":"product_tag-white-gold","12":"pa_kollekcio-exkluziv-ekszerek","13":"pa_marka-lenti-villasco","14":"pa_meret-303","15":"pa_otvozet-finomsaga-143","16":"pa_suly-47-gr","18":"first","19":"onrequest","20":"sold-individually","21":"taxable","22":"shipping-taxable","23":"product-type-simple"},"acf":[],"_links":{"self":[{"href":"https:\/\/gyemantekszer.com\/en\/wp-json\/wp\/v2\/product\/247338","targetHints":{"allow":["GET"]}}],"collection":[{"href":"https:\/\/gyemantekszer.com\/en\/wp-json\/wp\/v2\/product"}],"about":[{"href":"https:\/\/gyemantekszer.com\/en\/wp-json\/wp\/v2\/types\/product"}],"replies":[{"embeddable":true,"href":"https:\/\/gyemantekszer.com\/en\/wp-json\/wp\/v2\/comments?post=247338"}],"wp:featuredmedia":[{"embeddable":true,"href":"https:\/\/gyemantekszer.com\/en\/wp-json\/wp\/v2\/media\/236045"}],"wp:attachment":[{"href":"https:\/\/gyemantekszer.com\/en\/wp-json\/wp\/v2\/media?parent=247338"}],"wp:term":[{"taxonomy":"product_brand","embeddable":true,"href":"https:\/\/gyemantekszer.com\/en\/wp-json\/wp\/v2\/product_brand?post=247338"},{"taxonomy":"product_cat","embeddable":true,"href":"https:\/\/gyemantekszer.com\/en\/wp-json\/wp\/v2\/product_cat?post=247338"},{"taxonomy":"product_tag","embeddable":true,"href":"https:\/\/gyemantekszer.com\/en\/wp-json\/wp\/v2\/product_tag?post=247338"}],"curies":[{"name":"wp","href":"https:\/\/api.w.org\/{rel}","templated":true}]}}