{"id":247336,"date":"2017-02-24T10:54:49","date_gmt":"2017-02-24T09:54:49","guid":{"rendered":"https:\/\/gyemantekszer.com\/termek\/cruzita-gyemant-fulbevalo-2\/"},"modified":"2026-01-08T13:53:35","modified_gmt":"2026-01-08T12:53:35","slug":"cruzita-gyemant-fulbevalo-2","status":"publish","type":"product","link":"https:\/\/gyemantekszer.com\/en\/product\/cruzita-gyemant-fulbevalo-2\/","title":{"rendered":"Cruzita gy\u00e9m\u00e1nt f\u00fclbeval\u00f3"},"content":{"rendered":"","protected":false},"excerpt":{"rendered":"<p>Klasszikus feh\u00e9r arany f\u00fclbeval\u00f3, melynek sz\u00e9ps\u00e9g\u00e9r\u0151l a benne csillog\u00f3 navett csiszol\u00e1s\u00fa gy\u00e9m\u00e1nt \u00e9s egy feh\u00e9r teny\u00e9sztett gy\u00f6ngy \u00a0gondoskodik. Ez a visszafogott, diszkr\u00e9t f\u00fclbeval\u00f3 megnyer\u0151 magabiztoss\u00e1got \u00e9s eleganci\u00e1t k\u00f6lcs\u00f6n\u00f6z a mindennapokra.<\/p>\n","protected":false},"featured_media":236039,"comment_status":"open","ping_status":"closed","template":"","meta":{"_acf_changed":false},"product_brand":[],"product_cat":[1918],"product_tag":[1384,1390,1375,1379],"class_list":{"0":"post-247336","1":"product","2":"type-product","3":"status-publish","4":"has-post-thumbnail","6":"product_cat-fulbevalo","7":"product_tag-for-ladies","8":"product_tag-jewel-setts","9":"product_tag-white-gold","10":"product_tag-with-pearls","11":"pa_kollekcio-exkluziv-ekszerek","12":"pa_marka-coscia","13":"pa_meret-15-cm-hosszu","14":"pa_otvozet-finomsaga-221","15":"pa_suly-23-gr","16":"pa_zarak-stekkeres-atszuros-zar","18":"first","19":"instock","20":"sale","21":"sold-individually","22":"taxable","23":"shipping-taxable","24":"purchasable","25":"product-type-simple"},"acf":[],"_links":{"self":[{"href":"https:\/\/gyemantekszer.com\/en\/wp-json\/wp\/v2\/product\/247336","targetHints":{"allow":["GET"]}}],"collection":[{"href":"https:\/\/gyemantekszer.com\/en\/wp-json\/wp\/v2\/product"}],"about":[{"href":"https:\/\/gyemantekszer.com\/en\/wp-json\/wp\/v2\/types\/product"}],"replies":[{"embeddable":true,"href":"https:\/\/gyemantekszer.com\/en\/wp-json\/wp\/v2\/comments?post=247336"}],"wp:featuredmedia":[{"embeddable":true,"href":"https:\/\/gyemantekszer.com\/en\/wp-json\/wp\/v2\/media\/236039"}],"wp:attachment":[{"href":"https:\/\/gyemantekszer.com\/en\/wp-json\/wp\/v2\/media?parent=247336"}],"wp:term":[{"taxonomy":"product_brand","embeddable":true,"href":"https:\/\/gyemantekszer.com\/en\/wp-json\/wp\/v2\/product_brand?post=247336"},{"taxonomy":"product_cat","embeddable":true,"href":"https:\/\/gyemantekszer.com\/en\/wp-json\/wp\/v2\/product_cat?post=247336"},{"taxonomy":"product_tag","embeddable":true,"href":"https:\/\/gyemantekszer.com\/en\/wp-json\/wp\/v2\/product_tag?post=247336"}],"curies":[{"name":"wp","href":"https:\/\/api.w.org\/{rel}","templated":true}]}}