{"id":247334,"date":"2017-02-21T21:57:21","date_gmt":"2017-02-21T20:57:21","guid":{"rendered":"https:\/\/gyemantekszer.com\/termek\/federico-gyemant-karikagyuru\/"},"modified":"2025-09-29T12:42:47","modified_gmt":"2025-09-29T10:42:47","slug":"federico-gyemant-karikagyuru","status":"publish","type":"product","link":"https:\/\/gyemantekszer.com\/en\/product\/federico-gyemant-karikagyuru\/","title":{"rendered":"Federico gy\u00e9m\u00e1nt karikagy\u0171r\u0171"},"content":{"rendered":"","protected":false},"excerpt":{"rendered":"<p>Visszafogottan eleg\u00e1ns, mark\u00e1ns unisex gy\u00e9m\u00e1nt karikagy\u0171r\u0171, melyben diszkr\u00e9t s\u00fcllyesztett foglalatban helyezkednek el az apr\u00f3 csillog\u00f3 brili\u00e1ns csiszol\u00e1s\u00fa gy\u00e9m\u00e1ntok. St\u00edlusunk f\u00fcggv\u00e9nye, hogy ez a gy\u0171r\u0171 \u00e9ppen egy n\u0151i karikagy\u0171r\u0171 vagy egy d\u00fasabban d\u00edsz\u00edtett n\u0151i karikagy\u0171r\u0171 f\u00e9rfi p\u00e1rja, de ak\u00e1r \u00e9vfordul\u00f3s aj\u00e1nd\u00e9k, vagy eljegyz\u00e9si gy\u0171r\u0171 szerepben is meg\u00e1llja a hely\u00e9t.<\/p>\n","protected":false},"featured_media":236032,"comment_status":"open","ping_status":"open","template":"","meta":{"_acf_changed":false},"product_brand":[],"product_cat":[1919],"product_tag":[1373,1384,1920,1390,1378,1376,1375,1388],"class_list":{"0":"post-247334","1":"product","2":"type-product","3":"status-publish","4":"has-post-thumbnail","6":"product_cat-karikagyuru","7":"product_tag-engagement","8":"product_tag-for-ladies","9":"product_tag-gravirozhato","10":"product_tag-jewel-setts","11":"product_tag-men","12":"product_tag-white-diamond","13":"product_tag-white-gold","14":"product_tag-yellow-gold","15":"pa_kollekcio-exkluziv-ekszerek","16":"pa_marka-lenti-villasco","17":"pa_meret-308","18":"pa_otvozet-finomsaga-143","19":"pa_suly-64-gr","21":"first","22":"instock","23":"sold-individually","24":"taxable","25":"shipping-taxable","26":"purchasable","27":"product-type-simple"},"acf":[],"_links":{"self":[{"href":"https:\/\/gyemantekszer.com\/en\/wp-json\/wp\/v2\/product\/247334","targetHints":{"allow":["GET"]}}],"collection":[{"href":"https:\/\/gyemantekszer.com\/en\/wp-json\/wp\/v2\/product"}],"about":[{"href":"https:\/\/gyemantekszer.com\/en\/wp-json\/wp\/v2\/types\/product"}],"replies":[{"embeddable":true,"href":"https:\/\/gyemantekszer.com\/en\/wp-json\/wp\/v2\/comments?post=247334"}],"wp:featuredmedia":[{"embeddable":true,"href":"https:\/\/gyemantekszer.com\/en\/wp-json\/wp\/v2\/media\/236032"}],"wp:attachment":[{"href":"https:\/\/gyemantekszer.com\/en\/wp-json\/wp\/v2\/media?parent=247334"}],"wp:term":[{"taxonomy":"product_brand","embeddable":true,"href":"https:\/\/gyemantekszer.com\/en\/wp-json\/wp\/v2\/product_brand?post=247334"},{"taxonomy":"product_cat","embeddable":true,"href":"https:\/\/gyemantekszer.com\/en\/wp-json\/wp\/v2\/product_cat?post=247334"},{"taxonomy":"product_tag","embeddable":true,"href":"https:\/\/gyemantekszer.com\/en\/wp-json\/wp\/v2\/product_tag?post=247334"}],"curies":[{"name":"wp","href":"https:\/\/api.w.org\/{rel}","templated":true}]}}