{"id":247329,"date":"2017-02-20T11:38:27","date_gmt":"2017-02-20T10:38:27","guid":{"rendered":"https:\/\/gyemantekszer.com\/termek\/adelitas-gyemant-gyongysor\/"},"modified":"2026-01-07T16:28:41","modified_gmt":"2026-01-07T15:28:41","slug":"adelitas-gyemant-gyongysor","status":"publish","type":"product","link":"https:\/\/gyemantekszer.com\/en\/product\/adelitas-gyemant-gyongysor\/","title":{"rendered":"Adelitas gy\u00e9m\u00e1nt gy\u00f6ngysor"},"content":{"rendered":"","protected":false},"excerpt":{"rendered":"<p>Eleg\u00e1ns feh\u00e9r sz\u00edn\u0171 \u00e9desv\u00edzi gy\u00f6ngysor, a gy\u00f6ngyf\u0171z\u00e9s k\u00fcl\u00f6nlegess\u00e9ge, hogy egy nagyobb \u00e9s kisebb gy\u00f6nggyel tett\u00e9k m\u00e9g l\u00e1tv\u00e1nyosabb\u00e1. Igaz\u00e1n k\u00fcl\u00f6nleges egyedi darab, melyet a k\u00fcl\u00f6nleges gy\u00e9m\u00e1nt kapocs m\u00e9g l\u00e1tv\u00e1nyosabb\u00e1 var\u00e1zsol.<\/p>\n","protected":false},"featured_media":236014,"comment_status":"open","ping_status":"closed","template":"","meta":{"_acf_changed":false},"product_brand":[],"product_cat":[1924],"product_tag":[133,1310,136,1307,1314],"class_list":{"0":"post-247329","1":"product","2":"type-product","3":"status-publish","4":"has-post-thumbnail","6":"product_cat-gyongysor","7":"product_tag-noi","8":"product_tag-feher-gyemant","9":"product_tag-gyongyos","10":"product_tag-sarga-arany","11":"product_tag-kek-zafir","12":"pa_kollekcio-exkluziv-ekszerek","13":"pa_marka-coscia","14":"pa_meret-45-cm-hosszu-2","15":"pa_otvozet-finomsaga-221","16":"pa_suly-372-gr","17":"pa_zarak-gyemantokkal-diszitett-zarresz","19":"first","20":"instock","21":"sale","22":"sold-individually","23":"taxable","24":"shipping-taxable","25":"purchasable","26":"product-type-simple"},"acf":[],"_links":{"self":[{"href":"https:\/\/gyemantekszer.com\/en\/wp-json\/wp\/v2\/product\/247329","targetHints":{"allow":["GET"]}}],"collection":[{"href":"https:\/\/gyemantekszer.com\/en\/wp-json\/wp\/v2\/product"}],"about":[{"href":"https:\/\/gyemantekszer.com\/en\/wp-json\/wp\/v2\/types\/product"}],"replies":[{"embeddable":true,"href":"https:\/\/gyemantekszer.com\/en\/wp-json\/wp\/v2\/comments?post=247329"}],"wp:featuredmedia":[{"embeddable":true,"href":"https:\/\/gyemantekszer.com\/en\/wp-json\/wp\/v2\/media\/236014"}],"wp:attachment":[{"href":"https:\/\/gyemantekszer.com\/en\/wp-json\/wp\/v2\/media?parent=247329"}],"wp:term":[{"taxonomy":"product_brand","embeddable":true,"href":"https:\/\/gyemantekszer.com\/en\/wp-json\/wp\/v2\/product_brand?post=247329"},{"taxonomy":"product_cat","embeddable":true,"href":"https:\/\/gyemantekszer.com\/en\/wp-json\/wp\/v2\/product_cat?post=247329"},{"taxonomy":"product_tag","embeddable":true,"href":"https:\/\/gyemantekszer.com\/en\/wp-json\/wp\/v2\/product_tag?post=247329"}],"curies":[{"name":"wp","href":"https:\/\/api.w.org\/{rel}","templated":true}]}}