{"id":247321,"date":"2017-02-19T14:02:14","date_gmt":"2017-02-19T13:02:14","guid":{"rendered":"https:\/\/gyemantekszer.com\/termek\/chabela-gyemant-gyuru\/"},"modified":"2025-12-23T17:33:31","modified_gmt":"2025-12-23T16:33:31","slug":"chabela-gyemant-gyuru","status":"publish","type":"product","link":"https:\/\/gyemantekszer.com\/en\/product\/chabela-gyemant-gyuru\/","title":{"rendered":"Chabela gy\u00e9m\u00e1nt gy\u0171r\u0171"},"content":{"rendered":"","protected":false},"excerpt":{"rendered":"<p>Extravag\u00e1ns \u00e9s mag\u00e1val ragad\u00f3 s\u00e1rga \u00e9s feh\u00e9r arany kombin\u00e1l\u00e1s\u00e1val k\u00e9sz\u00fclt gy\u0171r\u0171, amelyet harminckilenc gy\u00f6ny\u00f6r\u0171 gy\u00e9m\u00e1nt d\u00edsz\u00edt. Igaz\u00e1n sz\u00e9p \u00e9s eml\u00e9kezetes aj\u00e1nd\u00e9k lehet minden alkalomra.<\/p>\n","protected":false},"featured_media":235990,"comment_status":"open","ping_status":"closed","template":"","meta":{"_acf_changed":false},"product_brand":[],"product_cat":[1917],"product_tag":[1384,1515,1383,1376,1375,1388],"class_list":{"0":"post-247321","1":"product","2":"type-product","3":"status-publish","4":"has-post-thumbnail","6":"product_cat-gyuru","7":"product_tag-for-ladies","8":"product_tag-gravirozhato","9":"product_tag-sizeable","10":"product_tag-white-diamond","11":"product_tag-white-gold","12":"product_tag-yellow-gold","13":"pa_kollekcio-exkluziv-ekszerek","14":"pa_marka-royal-diamonds-by-alexandra-ronai","15":"pa_meret-303","16":"pa_otvozet-finomsaga-221","17":"pa_suly-114-gr","19":"first","20":"instock","21":"sale","22":"sold-individually","23":"taxable","24":"shipping-taxable","25":"purchasable","26":"product-type-simple"},"acf":[],"_links":{"self":[{"href":"https:\/\/gyemantekszer.com\/en\/wp-json\/wp\/v2\/product\/247321","targetHints":{"allow":["GET"]}}],"collection":[{"href":"https:\/\/gyemantekszer.com\/en\/wp-json\/wp\/v2\/product"}],"about":[{"href":"https:\/\/gyemantekszer.com\/en\/wp-json\/wp\/v2\/types\/product"}],"replies":[{"embeddable":true,"href":"https:\/\/gyemantekszer.com\/en\/wp-json\/wp\/v2\/comments?post=247321"}],"wp:featuredmedia":[{"embeddable":true,"href":"https:\/\/gyemantekszer.com\/en\/wp-json\/wp\/v2\/media\/235990"}],"wp:attachment":[{"href":"https:\/\/gyemantekszer.com\/en\/wp-json\/wp\/v2\/media?parent=247321"}],"wp:term":[{"taxonomy":"product_brand","embeddable":true,"href":"https:\/\/gyemantekszer.com\/en\/wp-json\/wp\/v2\/product_brand?post=247321"},{"taxonomy":"product_cat","embeddable":true,"href":"https:\/\/gyemantekszer.com\/en\/wp-json\/wp\/v2\/product_cat?post=247321"},{"taxonomy":"product_tag","embeddable":true,"href":"https:\/\/gyemantekszer.com\/en\/wp-json\/wp\/v2\/product_tag?post=247321"}],"curies":[{"name":"wp","href":"https:\/\/api.w.org\/{rel}","templated":true}]}}