{"id":247296,"date":"2016-11-04T21:57:44","date_gmt":"2016-11-04T20:57:44","guid":{"rendered":"https:\/\/gyemantekszer.com\/termek\/le-lune-gray-gyongysor-3\/"},"modified":"2025-09-29T12:42:19","modified_gmt":"2025-09-29T10:42:19","slug":"le-lune-gray-gyongysor-3","status":"publish","type":"product","link":"https:\/\/gyemantekszer.com\/en\/product\/le-lune-gray-gyongysor-3\/","title":{"rendered":"Le Lune &#8211; Gray gy\u00f6ngysor"},"content":{"rendered":"","protected":false},"excerpt":{"rendered":"<p>K\u00fcl\u00f6nleges sz\u00fcrke sz\u00edn\u0171 \u00e9desv\u00edzi gy\u00f6ngysor. A gy\u00f6ngysor k\u00fcl\u00f6nlegess\u00e9ge \u00e9s modern vonal vezet\u00e9se a k\u00fcl\u00f6nleges design, feh\u00e9r \u00e9s r\u00f3zsasz\u00edn arany z\u00e1rban is megmutatkozik.<\/p>\n","protected":false},"featured_media":235900,"comment_status":"open","ping_status":"open","template":"","meta":{"_acf_changed":false},"product_brand":[],"product_cat":[1924],"product_tag":[133,138,1306,1305,136],"class_list":{"0":"post-247296","1":"product","2":"type-product","3":"status-publish","4":"has-post-thumbnail","6":"product_cat-gyongysor","7":"product_tag-noi","8":"product_tag-ekszer-szett","9":"product_tag-roze-arany","10":"product_tag-feher-arany","11":"product_tag-gyongyos","12":"pa_kollekcio-exkluziv-ekszerek","13":"pa_marka-le-lune","14":"pa_meret-47-cm-hosszu","15":"pa_otvozet-finomsaga-143","16":"pa_suly-317-gr","17":"pa_zarak-karabiner-zar","19":"first","20":"instock","21":"sale","22":"sold-individually","23":"taxable","24":"shipping-taxable","25":"purchasable","26":"product-type-simple"},"acf":[],"_links":{"self":[{"href":"https:\/\/gyemantekszer.com\/en\/wp-json\/wp\/v2\/product\/247296","targetHints":{"allow":["GET"]}}],"collection":[{"href":"https:\/\/gyemantekszer.com\/en\/wp-json\/wp\/v2\/product"}],"about":[{"href":"https:\/\/gyemantekszer.com\/en\/wp-json\/wp\/v2\/types\/product"}],"replies":[{"embeddable":true,"href":"https:\/\/gyemantekszer.com\/en\/wp-json\/wp\/v2\/comments?post=247296"}],"wp:featuredmedia":[{"embeddable":true,"href":"https:\/\/gyemantekszer.com\/en\/wp-json\/wp\/v2\/media\/235900"}],"wp:attachment":[{"href":"https:\/\/gyemantekszer.com\/en\/wp-json\/wp\/v2\/media?parent=247296"}],"wp:term":[{"taxonomy":"product_brand","embeddable":true,"href":"https:\/\/gyemantekszer.com\/en\/wp-json\/wp\/v2\/product_brand?post=247296"},{"taxonomy":"product_cat","embeddable":true,"href":"https:\/\/gyemantekszer.com\/en\/wp-json\/wp\/v2\/product_cat?post=247296"},{"taxonomy":"product_tag","embeddable":true,"href":"https:\/\/gyemantekszer.com\/en\/wp-json\/wp\/v2\/product_tag?post=247296"}],"curies":[{"name":"wp","href":"https:\/\/api.w.org\/{rel}","templated":true}]}}