{"id":247285,"date":"2016-10-26T12:36:02","date_gmt":"2016-10-26T10:36:02","guid":{"rendered":"https:\/\/gyemantekszer.com\/termek\/le-lune-lune-gyongy-karkoto-3\/"},"modified":"2025-09-29T12:42:15","modified_gmt":"2025-09-29T10:42:15","slug":"le-lune-lune-gyongy-karkoto-3","status":"publish","type":"product","link":"https:\/\/gyemantekszer.com\/en\/product\/le-lune-lune-gyongy-karkoto-3\/","title":{"rendered":"Le Lune &#8211; Lune gy\u00f6ngy kark\u00f6t\u0151"},"content":{"rendered":"","protected":false},"excerpt":{"rendered":"<p>Eleg\u00e1ns feh\u00e9r \u00e9desv\u00edzi gy\u00f6ngy kark\u00f6t\u0151. A kark\u00f6t\u0151 k\u00fcl\u00f6nlegess\u00e9ge \u00e9s modern vonal vezet\u00e9se a k\u00fcl\u00f6nleges design, feh\u00e9r \u00e9s r\u00f3zsasz\u00edn arany z\u00e1rban mutatkozik.<\/p>\n","protected":false},"featured_media":235884,"comment_status":"open","ping_status":"open","template":"","meta":{"_acf_changed":false},"product_brand":[],"product_cat":[1924,1921],"product_tag":[1384,1390,1385,1375,1379],"class_list":{"0":"post-247285","1":"product","2":"type-product","3":"status-publish","4":"has-post-thumbnail","6":"product_cat-gyongysor","7":"product_cat-karkoto","8":"product_tag-for-ladies","9":"product_tag-jewel-setts","10":"product_tag-rose-gold","11":"product_tag-white-gold","12":"product_tag-with-pearls","13":"pa_kollekcio-exkluziv-ekszerek","14":"pa_marka-le-lune","15":"pa_meret-21-cm-hosszu","16":"pa_otvozet-finomsaga-143","17":"pa_suly-267-gr","18":"pa_zarak-karabiner-zar","20":"first","21":"outofstock","22":"sale","23":"sold-individually","24":"taxable","25":"shipping-taxable","26":"product-type-simple"},"acf":[],"_links":{"self":[{"href":"https:\/\/gyemantekszer.com\/en\/wp-json\/wp\/v2\/product\/247285","targetHints":{"allow":["GET"]}}],"collection":[{"href":"https:\/\/gyemantekszer.com\/en\/wp-json\/wp\/v2\/product"}],"about":[{"href":"https:\/\/gyemantekszer.com\/en\/wp-json\/wp\/v2\/types\/product"}],"replies":[{"embeddable":true,"href":"https:\/\/gyemantekszer.com\/en\/wp-json\/wp\/v2\/comments?post=247285"}],"wp:featuredmedia":[{"embeddable":true,"href":"https:\/\/gyemantekszer.com\/en\/wp-json\/wp\/v2\/media\/235884"}],"wp:attachment":[{"href":"https:\/\/gyemantekszer.com\/en\/wp-json\/wp\/v2\/media?parent=247285"}],"wp:term":[{"taxonomy":"product_brand","embeddable":true,"href":"https:\/\/gyemantekszer.com\/en\/wp-json\/wp\/v2\/product_brand?post=247285"},{"taxonomy":"product_cat","embeddable":true,"href":"https:\/\/gyemantekszer.com\/en\/wp-json\/wp\/v2\/product_cat?post=247285"},{"taxonomy":"product_tag","embeddable":true,"href":"https:\/\/gyemantekszer.com\/en\/wp-json\/wp\/v2\/product_tag?post=247285"}],"curies":[{"name":"wp","href":"https:\/\/api.w.org\/{rel}","templated":true}]}}