{"id":247262,"date":"2016-07-15T09:51:38","date_gmt":"2016-07-15T07:51:38","guid":{"rendered":"https:\/\/gyemantekszer.com\/termek\/emilia-gyemant-fulbevalo\/"},"modified":"2026-03-25T13:18:27","modified_gmt":"2026-03-25T12:18:27","slug":"emilia-gyemant-fulbevalo","status":"publish","type":"product","link":"https:\/\/gyemantekszer.com\/en\/product\/emilia-gyemant-fulbevalo\/","title":{"rendered":"Emilia gy\u00e9m\u00e1nt f\u00fclbeval\u00f3"},"content":{"rendered":"","protected":false},"excerpt":{"rendered":"<p>Lev\u00e9l form\u00e1j\u00fa, modern st\u00edlus\u00fa feh\u00e9r arany matt\u00edrozott f\u00fclbeval\u00f3, melyet egy vil\u00e1gos sz\u00edn\u0171 gy\u00f6ngy \u00e9s egy gy\u00e9m\u00e1nt d\u00edsz\u00edt.<\/p>\n","protected":false},"featured_media":235809,"comment_status":"open","ping_status":"closed","template":"","meta":{"_acf_changed":false},"product_brand":[],"product_cat":[1918],"product_tag":[1384,1376,1375,1379],"class_list":{"0":"post-247262","1":"product","2":"type-product","3":"status-publish","4":"has-post-thumbnail","6":"product_cat-fulbevalo","7":"product_tag-for-ladies","8":"product_tag-white-diamond","9":"product_tag-white-gold","10":"product_tag-with-pearls","11":"pa_kollekcio-exkluziv-ekszerek","12":"pa_marka-coscia","13":"pa_meret-3-cm-hosszu","14":"pa_otvozet-finomsaga-221","15":"pa_suly-53-gr","17":"first","18":"instock","19":"sold-individually","20":"taxable","21":"shipping-taxable","22":"purchasable","23":"product-type-simple"},"acf":[],"_links":{"self":[{"href":"https:\/\/gyemantekszer.com\/en\/wp-json\/wp\/v2\/product\/247262","targetHints":{"allow":["GET"]}}],"collection":[{"href":"https:\/\/gyemantekszer.com\/en\/wp-json\/wp\/v2\/product"}],"about":[{"href":"https:\/\/gyemantekszer.com\/en\/wp-json\/wp\/v2\/types\/product"}],"replies":[{"embeddable":true,"href":"https:\/\/gyemantekszer.com\/en\/wp-json\/wp\/v2\/comments?post=247262"}],"wp:featuredmedia":[{"embeddable":true,"href":"https:\/\/gyemantekszer.com\/en\/wp-json\/wp\/v2\/media\/235809"}],"wp:attachment":[{"href":"https:\/\/gyemantekszer.com\/en\/wp-json\/wp\/v2\/media?parent=247262"}],"wp:term":[{"taxonomy":"product_brand","embeddable":true,"href":"https:\/\/gyemantekszer.com\/en\/wp-json\/wp\/v2\/product_brand?post=247262"},{"taxonomy":"product_cat","embeddable":true,"href":"https:\/\/gyemantekszer.com\/en\/wp-json\/wp\/v2\/product_cat?post=247262"},{"taxonomy":"product_tag","embeddable":true,"href":"https:\/\/gyemantekszer.com\/en\/wp-json\/wp\/v2\/product_tag?post=247262"}],"curies":[{"name":"wp","href":"https:\/\/api.w.org\/{rel}","templated":true}]}}