{"id":247244,"date":"2016-07-13T12:24:49","date_gmt":"2016-07-13T10:24:49","guid":{"rendered":"https:\/\/gyemantekszer.com\/termek\/brindisi-gyemant-karikagyuru\/"},"modified":"2025-12-17T16:23:26","modified_gmt":"2025-12-17T15:23:26","slug":"brindisi-gyemant-karikagyuru","status":"publish","type":"product","link":"https:\/\/gyemantekszer.com\/en\/product\/brindisi-gyemant-karikagyuru\/","title":{"rendered":"Brindisi gy\u00e9m\u00e1nt karikagy\u0171r\u0171"},"content":{"rendered":"","protected":false},"excerpt":{"rendered":"<p>Gy\u00f6ny\u00f6r\u0171 s\u00e1rga \u00e9s feh\u00e9r arany f\u00e9rfi karikagy\u0171r\u0171, melynek feh\u00e9r r\u00e9sze matt\u00edrozott, k\u00f6z\u00e9pen pedig v\u00e9kony s\u00e1rga arany r\u00e9szben egy gy\u00f6ny\u00f6r\u0171 brili\u00e1ns csiszol\u00e1s\u00fa feh\u00e9r gy\u00e9m\u00e1nt ragyog.<\/p>\n","protected":false},"featured_media":235775,"comment_status":"open","ping_status":"closed","template":"","meta":{"_acf_changed":false},"product_brand":[],"product_cat":[1919],"product_tag":[1373,1515,1390,1378,1376,1375,1388],"class_list":{"0":"post-247244","1":"product","2":"type-product","3":"status-publish","4":"has-post-thumbnail","6":"product_cat-karikagyuru","7":"product_tag-engagement","8":"product_tag-gravirozhato","9":"product_tag-jewel-setts","10":"product_tag-men","11":"product_tag-white-diamond","12":"product_tag-white-gold","13":"product_tag-yellow-gold","14":"pa_kollekcio-exkluziv-ekszerek","15":"pa_marka-royal-diamonds-by-alexandra-ronai","16":"pa_meret-179","17":"pa_suly-55-gr","19":"first","20":"instock","21":"sold-individually","22":"taxable","23":"shipping-taxable","24":"purchasable","25":"product-type-simple"},"acf":[],"_links":{"self":[{"href":"https:\/\/gyemantekszer.com\/en\/wp-json\/wp\/v2\/product\/247244","targetHints":{"allow":["GET"]}}],"collection":[{"href":"https:\/\/gyemantekszer.com\/en\/wp-json\/wp\/v2\/product"}],"about":[{"href":"https:\/\/gyemantekszer.com\/en\/wp-json\/wp\/v2\/types\/product"}],"replies":[{"embeddable":true,"href":"https:\/\/gyemantekszer.com\/en\/wp-json\/wp\/v2\/comments?post=247244"}],"wp:featuredmedia":[{"embeddable":true,"href":"https:\/\/gyemantekszer.com\/en\/wp-json\/wp\/v2\/media\/235775"}],"wp:attachment":[{"href":"https:\/\/gyemantekszer.com\/en\/wp-json\/wp\/v2\/media?parent=247244"}],"wp:term":[{"taxonomy":"product_brand","embeddable":true,"href":"https:\/\/gyemantekszer.com\/en\/wp-json\/wp\/v2\/product_brand?post=247244"},{"taxonomy":"product_cat","embeddable":true,"href":"https:\/\/gyemantekszer.com\/en\/wp-json\/wp\/v2\/product_cat?post=247244"},{"taxonomy":"product_tag","embeddable":true,"href":"https:\/\/gyemantekszer.com\/en\/wp-json\/wp\/v2\/product_tag?post=247244"}],"curies":[{"name":"wp","href":"https:\/\/api.w.org\/{rel}","templated":true}]}}