{"id":247243,"date":"2016-07-13T12:15:04","date_gmt":"2016-07-13T10:15:04","guid":{"rendered":"https:\/\/gyemantekszer.com\/termek\/brindis-gyemant-karikagyuru\/"},"modified":"2026-03-10T11:41:34","modified_gmt":"2026-03-10T10:41:34","slug":"brindis-gyemant-karikagyuru","status":"publish","type":"product","link":"https:\/\/gyemantekszer.com\/en\/product\/brindis-gyemant-karikagyuru\/","title":{"rendered":"Brindis gy\u00e9m\u00e1nt karikagy\u0171r\u0171"},"content":{"rendered":"","protected":false},"excerpt":{"rendered":"<p>Gy\u00f6ny\u00f6r\u0171 s\u00e1rga \u00e9s feh\u00e9r arany n\u0151i karikagy\u0171r\u0171, melynek feh\u00e9r r\u00e9sze matt\u00edrozott k\u00f6z\u00e9pen pedig egy v\u00e9kony s\u00e1rga arany r\u00e9szben gy\u00f6ny\u00f6r\u0171 brili\u00e1ns csiszol\u00e1s\u00fa feh\u00e9r gy\u00e9m\u00e1ntok ragyognak.<\/p>\n","protected":false},"featured_media":235773,"comment_status":"open","ping_status":"closed","template":"","meta":{"_acf_changed":false},"product_brand":[],"product_cat":[1919],"product_tag":[1373,1384,1390,1376,1375,1388],"class_list":{"0":"post-247243","1":"product","2":"type-product","3":"status-publish","4":"has-post-thumbnail","6":"product_cat-karikagyuru","7":"product_tag-engagement","8":"product_tag-for-ladies","9":"product_tag-jewel-setts","10":"product_tag-white-diamond","11":"product_tag-white-gold","12":"product_tag-yellow-gold","13":"pa_kollekcio-exkluziv-ekszerek","14":"pa_marka-royal-diamonds-by-alexandra-ronai","15":"pa_meret-259","16":"pa_suly-41-gr","18":"first","19":"instock","20":"sold-individually","21":"taxable","22":"shipping-taxable","23":"purchasable","24":"product-type-simple"},"acf":[],"_links":{"self":[{"href":"https:\/\/gyemantekszer.com\/en\/wp-json\/wp\/v2\/product\/247243","targetHints":{"allow":["GET"]}}],"collection":[{"href":"https:\/\/gyemantekszer.com\/en\/wp-json\/wp\/v2\/product"}],"about":[{"href":"https:\/\/gyemantekszer.com\/en\/wp-json\/wp\/v2\/types\/product"}],"replies":[{"embeddable":true,"href":"https:\/\/gyemantekszer.com\/en\/wp-json\/wp\/v2\/comments?post=247243"}],"wp:featuredmedia":[{"embeddable":true,"href":"https:\/\/gyemantekszer.com\/en\/wp-json\/wp\/v2\/media\/235773"}],"wp:attachment":[{"href":"https:\/\/gyemantekszer.com\/en\/wp-json\/wp\/v2\/media?parent=247243"}],"wp:term":[{"taxonomy":"product_brand","embeddable":true,"href":"https:\/\/gyemantekszer.com\/en\/wp-json\/wp\/v2\/product_brand?post=247243"},{"taxonomy":"product_cat","embeddable":true,"href":"https:\/\/gyemantekszer.com\/en\/wp-json\/wp\/v2\/product_cat?post=247243"},{"taxonomy":"product_tag","embeddable":true,"href":"https:\/\/gyemantekszer.com\/en\/wp-json\/wp\/v2\/product_tag?post=247243"}],"curies":[{"name":"wp","href":"https:\/\/api.w.org\/{rel}","templated":true}]}}