{"id":247238,"date":"2016-06-29T19:04:00","date_gmt":"2016-06-29T17:04:00","guid":{"rendered":"https:\/\/gyemantekszer.com\/termek\/taira-gyongy-fulbevalo-2\/"},"modified":"2025-09-29T12:41:44","modified_gmt":"2025-09-29T10:41:44","slug":"taira-gyongy-fulbevalo-2","status":"publish","type":"product","link":"https:\/\/gyemantekszer.com\/en\/termek\/taira-gyongy-fulbevalo-2\/","title":{"rendered":"Le Lune &#8211; Gray gy\u00f6ngy f\u00fclbeval\u00f3"},"content":{"rendered":"","protected":false},"excerpt":{"rendered":"<p>Eleg\u00e1ns feh\u00e9r arany sz\u00fcrke sz\u00edn \u00e1rnyalat\u00fa gy\u00f6ngy f\u00fclbeval\u00f3, melyet egy szikr\u00e1z\u00f3 gy\u00e9m\u00e1nttal kombin\u00e1ltak. Kiv\u00e1l\u00f3 viselet nem csak alkalmakra, hanem a mindennapok t\u00f6k\u00e9letes kieg\u00e9sz\u00edt\u0151je.<\/p>\n","protected":false},"featured_media":235761,"comment_status":"open","ping_status":"open","template":"","meta":{"_acf_changed":false},"product_brand":[],"product_cat":[1918],"product_tag":[133,1310,1305,136],"class_list":{"0":"post-247238","1":"product","2":"type-product","3":"status-publish","4":"has-post-thumbnail","6":"product_cat-fulbevalo","7":"product_tag-noi","8":"product_tag-feher-gyemant","9":"product_tag-feher-arany","10":"product_tag-gyongyos","11":"pa_kollekcio-exkluziv-ekszerek","12":"pa_marka-le-lune","13":"pa_otvozet-finomsaga-143","14":"pa_suly-21gr","15":"pa_zarak-stekkeres-atszuros-zar","17":"first","18":"instock","19":"sale","20":"taxable","21":"shipping-taxable","22":"purchasable","23":"product-type-simple"},"acf":[],"_links":{"self":[{"href":"https:\/\/gyemantekszer.com\/en\/wp-json\/wp\/v2\/product\/247238","targetHints":{"allow":["GET"]}}],"collection":[{"href":"https:\/\/gyemantekszer.com\/en\/wp-json\/wp\/v2\/product"}],"about":[{"href":"https:\/\/gyemantekszer.com\/en\/wp-json\/wp\/v2\/types\/product"}],"replies":[{"embeddable":true,"href":"https:\/\/gyemantekszer.com\/en\/wp-json\/wp\/v2\/comments?post=247238"}],"wp:featuredmedia":[{"embeddable":true,"href":"https:\/\/gyemantekszer.com\/en\/wp-json\/wp\/v2\/media\/235761"}],"wp:attachment":[{"href":"https:\/\/gyemantekszer.com\/en\/wp-json\/wp\/v2\/media?parent=247238"}],"wp:term":[{"taxonomy":"product_brand","embeddable":true,"href":"https:\/\/gyemantekszer.com\/en\/wp-json\/wp\/v2\/product_brand?post=247238"},{"taxonomy":"product_cat","embeddable":true,"href":"https:\/\/gyemantekszer.com\/en\/wp-json\/wp\/v2\/product_cat?post=247238"},{"taxonomy":"product_tag","embeddable":true,"href":"https:\/\/gyemantekszer.com\/en\/wp-json\/wp\/v2\/product_tag?post=247238"}],"curies":[{"name":"wp","href":"https:\/\/api.w.org\/{rel}","templated":true}]}}