{"id":247214,"date":"2023-01-25T15:47:55","date_gmt":"2023-01-25T14:47:55","guid":{"rendered":"https:\/\/gyemantekszer.com\/termek\/annata-gyemant-fulbevalo\/"},"modified":"2025-10-09T16:42:02","modified_gmt":"2025-10-09T14:42:02","slug":"annata-gyemant-fulbevalo","status":"publish","type":"product","link":"https:\/\/gyemantekszer.com\/en\/termek\/annata-gyemant-fulbevalo\/","title":{"rendered":"Annata gy\u00e9m\u00e1nt f\u00fclbeval\u00f3"},"content":{"rendered":"","protected":false},"excerpt":{"rendered":"<p>Eleg\u00e1ns feh\u00e9r arany gy\u00e9m\u00e1nt f\u00fclbeval\u00f3 csod\u00e1s tahiti gy\u00f6nggyel d\u00edsz\u00edtve, mely igaz\u00e1n modern n\u0151ies k\u00fcls\u0151t k\u00f6lcs\u00f6n\u00f6z visel\u0151j\u00e9nek.<\/p>\n","protected":false},"featured_media":235706,"comment_status":"open","ping_status":"closed","template":"","meta":{"_acf_changed":false},"product_brand":[],"product_cat":[1357],"product_tag":[1384,1376,1375,1379],"class_list":{"0":"post-247214","1":"product","2":"type-product","3":"status-publish","4":"has-post-thumbnail","6":"product_cat-exclusive-earrings","7":"product_tag-for-ladies","8":"product_tag-white-diamond","9":"product_tag-white-gold","10":"product_tag-with-pearls","11":"pa_kollekcio-exkluziv-ekszerek","12":"pa_marka-coscia","13":"pa_meret-15-cm-hosszu","14":"pa_otvozet-finomsaga-143","15":"pa_suly-66-gr","17":"first","18":"instock","19":"sold-individually","20":"taxable","21":"shipping-taxable","22":"purchasable","23":"product-type-simple"},"acf":[],"_links":{"self":[{"href":"https:\/\/gyemantekszer.com\/en\/wp-json\/wp\/v2\/product\/247214","targetHints":{"allow":["GET"]}}],"collection":[{"href":"https:\/\/gyemantekszer.com\/en\/wp-json\/wp\/v2\/product"}],"about":[{"href":"https:\/\/gyemantekszer.com\/en\/wp-json\/wp\/v2\/types\/product"}],"replies":[{"embeddable":true,"href":"https:\/\/gyemantekszer.com\/en\/wp-json\/wp\/v2\/comments?post=247214"}],"wp:featuredmedia":[{"embeddable":true,"href":"https:\/\/gyemantekszer.com\/en\/wp-json\/wp\/v2\/media\/235706"}],"wp:attachment":[{"href":"https:\/\/gyemantekszer.com\/en\/wp-json\/wp\/v2\/media?parent=247214"}],"wp:term":[{"taxonomy":"product_brand","embeddable":true,"href":"https:\/\/gyemantekszer.com\/en\/wp-json\/wp\/v2\/product_brand?post=247214"},{"taxonomy":"product_cat","embeddable":true,"href":"https:\/\/gyemantekszer.com\/en\/wp-json\/wp\/v2\/product_cat?post=247214"},{"taxonomy":"product_tag","embeddable":true,"href":"https:\/\/gyemantekszer.com\/en\/wp-json\/wp\/v2\/product_tag?post=247214"}],"curies":[{"name":"wp","href":"https:\/\/api.w.org\/{rel}","templated":true}]}}