{"id":247213,"date":"2018-12-05T05:35:09","date_gmt":"2018-12-05T04:35:09","guid":{"rendered":"https:\/\/gyemantekszer.com\/termek\/aniella-gyemant-fulbevalo\/"},"modified":"2025-09-29T12:41:31","modified_gmt":"2025-09-29T10:41:31","slug":"aniella-gyemant-fulbevalo","status":"publish","type":"product","link":"https:\/\/gyemantekszer.com\/en\/product\/aniella-gyemant-fulbevalo\/","title":{"rendered":"Aniella gy\u00e9m\u00e1nt f\u00fclbeval\u00f3"},"content":{"rendered":"","protected":false},"excerpt":{"rendered":"<p>Gy\u00f6ny\u00f6r\u0171 exkluz\u00edv, vari\u00e1lhat\u00f3 feh\u00e9r arany gy\u00e9m\u00e1nt f\u00fclbeval\u00f3, melyr\u0151l a hossz\u00fa feh\u00e9r gy\u00e9m\u00e1ntokkal d\u00edsz\u00edtett gy\u00f6ngy\u00f6s r\u00e9sz levehet\u0151 \u00e9s \u00edgy egy h\u00e9tk\u00f6znapi visel\u00e9sre alkalmas szolid gy\u00e9m\u00e1nt f\u00fclbeval\u00f3t viselhet\u00fcnk.<\/p>\n","protected":false},"featured_media":234416,"comment_status":"open","ping_status":"open","template":"","meta":{"_acf_changed":false},"product_brand":[],"product_cat":[1918],"product_tag":[1384,1383,1376,1375,1379],"class_list":{"0":"post-247213","1":"product","2":"type-product","3":"status-publish","4":"has-post-thumbnail","6":"product_cat-fulbevalo","7":"product_tag-for-ladies","8":"product_tag-sizeable","9":"product_tag-white-diamond","10":"product_tag-white-gold","11":"product_tag-with-pearls","12":"pa_kollekcio-exkluziv-ekszerek","13":"pa_marka-coscia","14":"pa_meret-5-cm-hosszu","15":"pa_otvozet-finomsaga-143","16":"pa_suly-85-gr","17":"pa_zarak-biztonsagi-zar","19":"first","20":"onrequest","21":"sold-individually","22":"taxable","23":"shipping-taxable","24":"product-type-simple"},"acf":[],"_links":{"self":[{"href":"https:\/\/gyemantekszer.com\/en\/wp-json\/wp\/v2\/product\/247213","targetHints":{"allow":["GET"]}}],"collection":[{"href":"https:\/\/gyemantekszer.com\/en\/wp-json\/wp\/v2\/product"}],"about":[{"href":"https:\/\/gyemantekszer.com\/en\/wp-json\/wp\/v2\/types\/product"}],"replies":[{"embeddable":true,"href":"https:\/\/gyemantekszer.com\/en\/wp-json\/wp\/v2\/comments?post=247213"}],"wp:featuredmedia":[{"embeddable":true,"href":"https:\/\/gyemantekszer.com\/en\/wp-json\/wp\/v2\/media\/234416"}],"wp:attachment":[{"href":"https:\/\/gyemantekszer.com\/en\/wp-json\/wp\/v2\/media?parent=247213"}],"wp:term":[{"taxonomy":"product_brand","embeddable":true,"href":"https:\/\/gyemantekszer.com\/en\/wp-json\/wp\/v2\/product_brand?post=247213"},{"taxonomy":"product_cat","embeddable":true,"href":"https:\/\/gyemantekszer.com\/en\/wp-json\/wp\/v2\/product_cat?post=247213"},{"taxonomy":"product_tag","embeddable":true,"href":"https:\/\/gyemantekszer.com\/en\/wp-json\/wp\/v2\/product_tag?post=247213"}],"curies":[{"name":"wp","href":"https:\/\/api.w.org\/{rel}","templated":true}]}}