{"id":247209,"date":"2018-12-05T15:01:08","date_gmt":"2018-12-05T14:01:08","guid":{"rendered":"https:\/\/gyemantekszer.com\/termek\/marrone-gyemant-gyuru\/"},"modified":"2025-09-29T12:41:30","modified_gmt":"2025-09-29T10:41:30","slug":"marrone-gyemant-gyuru","status":"publish","type":"product","link":"https:\/\/gyemantekszer.com\/en\/termek\/marrone-gyemant-gyuru\/","title":{"rendered":"Marrone gy\u00e9m\u00e1nt gy\u0171r\u0171"},"content":{"rendered":"","protected":false},"excerpt":{"rendered":"<p data-start=\"219\" data-end=\"607\">Ez a k\u00fcl\u00f6nleges formatervez\u00e9s\u0171, exkluz\u00edv gy\u0171r\u0171 igazi ritkas\u00e1g a kifinomult \u00e9kszerek vil\u00e1g\u00e1ban. K\u00e9zzel k\u00e9sz\u00fclt, <strong data-start=\"330\" data-end=\"363\">magas min\u0151s\u00e9g\u0171 s\u00e1rga aranyb\u00f3l<\/strong>, amely meleg f\u00e9ny\u00e9vel t\u00f6k\u00e9letesen kiemeli a k\u00f6z\u00e9pen elhelyezked\u0151 <strong data-start=\"429\" data-end=\"470\">barna sz\u00ednezett tengeri Tahiti gy\u00f6ngy<\/strong> term\u00e9szetes sz\u00e9ps\u00e9g\u00e9t.<br \/>\nA gy\u00f6ngy\u00f6t ragyog\u00f3, prec\u00edzen elhelyezett gy\u00e9m\u00e1ntok \u00f6lelik k\u00f6r\u00fcl, melyek m\u00e9g tov\u00e1bb fokozz\u00e1k a gy\u0171r\u0171 eleganci\u00e1j\u00e1t.<\/p>\n<p data-start=\"609\" data-end=\"833\">A gy\u0171r\u0171 egyedi megjelen\u00e9se, a nem mindennapi gy\u00f6ngy \u00e1rnyalata \u00e9s a s\u00e1rga arany klasszikus f\u00e9nye igaz\u00e1n k\u00fcl\u00f6nleges, luxus \u00e9rzetet kelt. T\u00f6k\u00e9letes v\u00e1laszt\u00e1s azok sz\u00e1m\u00e1ra, akik val\u00f3ban egyedi, pr\u00e9mium min\u0151s\u00e9g\u0171 \u00e9kszert keresnek.<\/p>\n","protected":false},"featured_media":234412,"comment_status":"open","ping_status":"open","template":"","meta":{"_acf_changed":false},"product_brand":[],"product_cat":[1917],"product_tag":[133,138,140,1310,136,1307],"class_list":{"0":"post-247209","1":"product","2":"type-product","3":"status-publish","4":"has-post-thumbnail","6":"product_cat-gyuru","7":"product_tag-noi","8":"product_tag-ekszer-szett","9":"product_tag-meretezheto","10":"product_tag-feher-gyemant","11":"product_tag-gyongyos","12":"product_tag-sarga-arany","13":"pa_kollekcio-exkluziv-ekszerek","14":"pa_marka-royal-diamonds-by-alexandra-ronai","15":"pa_meret-259","16":"pa_otvozet-finomsaga-143","17":"pa_suly-185-gr","19":"first","20":"instock","21":"sold-individually","22":"taxable","23":"shipping-taxable","24":"purchasable","25":"product-type-simple"},"acf":[],"_links":{"self":[{"href":"https:\/\/gyemantekszer.com\/en\/wp-json\/wp\/v2\/product\/247209","targetHints":{"allow":["GET"]}}],"collection":[{"href":"https:\/\/gyemantekszer.com\/en\/wp-json\/wp\/v2\/product"}],"about":[{"href":"https:\/\/gyemantekszer.com\/en\/wp-json\/wp\/v2\/types\/product"}],"replies":[{"embeddable":true,"href":"https:\/\/gyemantekszer.com\/en\/wp-json\/wp\/v2\/comments?post=247209"}],"wp:featuredmedia":[{"embeddable":true,"href":"https:\/\/gyemantekszer.com\/en\/wp-json\/wp\/v2\/media\/234412"}],"wp:attachment":[{"href":"https:\/\/gyemantekszer.com\/en\/wp-json\/wp\/v2\/media?parent=247209"}],"wp:term":[{"taxonomy":"product_brand","embeddable":true,"href":"https:\/\/gyemantekszer.com\/en\/wp-json\/wp\/v2\/product_brand?post=247209"},{"taxonomy":"product_cat","embeddable":true,"href":"https:\/\/gyemantekszer.com\/en\/wp-json\/wp\/v2\/product_cat?post=247209"},{"taxonomy":"product_tag","embeddable":true,"href":"https:\/\/gyemantekszer.com\/en\/wp-json\/wp\/v2\/product_tag?post=247209"}],"curies":[{"name":"wp","href":"https:\/\/api.w.org\/{rel}","templated":true}]}}