{"id":247202,"date":"2016-06-25T11:48:47","date_gmt":"2016-06-25T09:48:47","guid":{"rendered":"https:\/\/gyemantekszer.com\/termek\/brandina-gyemant-nyakek\/"},"modified":"2025-09-29T12:41:28","modified_gmt":"2025-09-29T10:41:28","slug":"brandina-gyemant-nyakek","status":"publish","type":"product","link":"https:\/\/gyemantekszer.com\/en\/product\/brandina-gyemant-nyakek\/","title":{"rendered":"Brandina gy\u00e9m\u00e1nt nyak\u00e9k"},"content":{"rendered":"","protected":false},"excerpt":{"rendered":"<p>Modern st\u00edlussal f\u0171szerezett klasszikus gy\u00e9m\u00e1nt nyak\u00e9k, melynek med\u00e1l r\u00e9sz\u00e9be egy brili\u00e1ns form\u00e1ra csiszolt feh\u00e9r gy\u00e9m\u00e1nt \u00e1ll. A k\u00f6z\u00e9ps\u0151 gy\u00e9m\u00e1ntot apr\u00f3 fekete gy\u00e9m\u00e1ntok emelik ki. A mindennapok kiv\u00e1l\u00f3 kieg\u00e9sz\u00edt\u0151je lehet ez a k\u00fcl\u00f6nleges \u00e9kszer.<\/p>\n","protected":false},"featured_media":235681,"comment_status":"open","ping_status":"open","template":"","meta":{"_acf_changed":false},"product_brand":[],"product_cat":[1923],"product_tag":[1384,1390,1383,1376,1375],"class_list":{"0":"post-247202","1":"product","2":"type-product","3":"status-publish","4":"has-post-thumbnail","6":"product_cat-nyakek","7":"product_tag-for-ladies","8":"product_tag-jewel-setts","9":"product_tag-sizeable","10":"product_tag-white-diamond","11":"product_tag-white-gold","12":"pa_kollekcio-exkluziv-ekszerek","13":"pa_marka-lenti-villasco","14":"pa_meret-medall-resz-07-cm-kulon-a-lanc-resz-455-cm","15":"pa_otvozet-finomsaga-143","16":"pa_suly-31-gr","18":"first","19":"onrequest","20":"sold-individually","21":"taxable","22":"shipping-taxable","23":"product-type-simple"},"acf":[],"_links":{"self":[{"href":"https:\/\/gyemantekszer.com\/en\/wp-json\/wp\/v2\/product\/247202","targetHints":{"allow":["GET"]}}],"collection":[{"href":"https:\/\/gyemantekszer.com\/en\/wp-json\/wp\/v2\/product"}],"about":[{"href":"https:\/\/gyemantekszer.com\/en\/wp-json\/wp\/v2\/types\/product"}],"replies":[{"embeddable":true,"href":"https:\/\/gyemantekszer.com\/en\/wp-json\/wp\/v2\/comments?post=247202"}],"wp:featuredmedia":[{"embeddable":true,"href":"https:\/\/gyemantekszer.com\/en\/wp-json\/wp\/v2\/media\/235681"}],"wp:attachment":[{"href":"https:\/\/gyemantekszer.com\/en\/wp-json\/wp\/v2\/media?parent=247202"}],"wp:term":[{"taxonomy":"product_brand","embeddable":true,"href":"https:\/\/gyemantekszer.com\/en\/wp-json\/wp\/v2\/product_brand?post=247202"},{"taxonomy":"product_cat","embeddable":true,"href":"https:\/\/gyemantekszer.com\/en\/wp-json\/wp\/v2\/product_cat?post=247202"},{"taxonomy":"product_tag","embeddable":true,"href":"https:\/\/gyemantekszer.com\/en\/wp-json\/wp\/v2\/product_tag?post=247202"}],"curies":[{"name":"wp","href":"https:\/\/api.w.org\/{rel}","templated":true}]}}