{"id":247200,"date":"2016-06-25T10:59:38","date_gmt":"2016-06-25T08:59:38","guid":{"rendered":"https:\/\/gyemantekszer.com\/termek\/lemander-gyemant-fulbevalo\/"},"modified":"2026-01-08T13:57:55","modified_gmt":"2026-01-08T12:57:55","slug":"lemander-gyemant-fulbevalo","status":"publish","type":"product","link":"https:\/\/gyemantekszer.com\/en\/product\/lemander-gyemant-fulbevalo\/","title":{"rendered":"Lemander gy\u00e9m\u00e1nt f\u00fclbeval\u00f3"},"content":{"rendered":"","protected":false},"excerpt":{"rendered":"<p>Eleg\u00e1ns vonalvezet\u00e9s\u0171 s\u00e1rga arany gy\u00e9m\u00e1nt f\u00fclbeval\u00f3, melyet hossz\u00fak\u00e1s form\u00e1j\u00fa \u00e9desv\u00edzi teny\u00e9sztett gy\u00f6ngy\u00f6kkel var\u00e1zsoltak m\u00e9g k\u00fcl\u00f6nlegesebb\u00e9. Klipszes z\u00e1r\u00f3d\u00e1sa miatt igaz\u00e1n k\u00e9nyelmes h\u00e9tk\u00f6znapi viselet.<\/p>\n","protected":false},"featured_media":235674,"comment_status":"open","ping_status":"closed","template":"","meta":{"_acf_changed":false},"product_brand":[],"product_cat":[1918],"product_tag":[1384,1375,1379,1388],"class_list":{"0":"post-247200","1":"product","2":"type-product","3":"status-publish","4":"has-post-thumbnail","6":"product_cat-fulbevalo","7":"product_tag-for-ladies","8":"product_tag-white-gold","9":"product_tag-with-pearls","10":"product_tag-yellow-gold","11":"pa_kollekcio-exkluziv-ekszerek","12":"pa_marka-royal-diamonds-by-alexandra-ronai","13":"pa_meret-23-cm-hosszu","14":"pa_otvozet-finomsaga-221","15":"pa_suly-91-gr","17":"first","18":"instock","19":"sale","20":"sold-individually","21":"taxable","22":"shipping-taxable","23":"purchasable","24":"product-type-simple"},"acf":[],"_links":{"self":[{"href":"https:\/\/gyemantekszer.com\/en\/wp-json\/wp\/v2\/product\/247200","targetHints":{"allow":["GET"]}}],"collection":[{"href":"https:\/\/gyemantekszer.com\/en\/wp-json\/wp\/v2\/product"}],"about":[{"href":"https:\/\/gyemantekszer.com\/en\/wp-json\/wp\/v2\/types\/product"}],"replies":[{"embeddable":true,"href":"https:\/\/gyemantekszer.com\/en\/wp-json\/wp\/v2\/comments?post=247200"}],"wp:featuredmedia":[{"embeddable":true,"href":"https:\/\/gyemantekszer.com\/en\/wp-json\/wp\/v2\/media\/235674"}],"wp:attachment":[{"href":"https:\/\/gyemantekszer.com\/en\/wp-json\/wp\/v2\/media?parent=247200"}],"wp:term":[{"taxonomy":"product_brand","embeddable":true,"href":"https:\/\/gyemantekszer.com\/en\/wp-json\/wp\/v2\/product_brand?post=247200"},{"taxonomy":"product_cat","embeddable":true,"href":"https:\/\/gyemantekszer.com\/en\/wp-json\/wp\/v2\/product_cat?post=247200"},{"taxonomy":"product_tag","embeddable":true,"href":"https:\/\/gyemantekszer.com\/en\/wp-json\/wp\/v2\/product_tag?post=247200"}],"curies":[{"name":"wp","href":"https:\/\/api.w.org\/{rel}","templated":true}]}}