{"id":247196,"date":"2016-06-25T09:47:42","date_gmt":"2016-06-25T07:47:42","guid":{"rendered":"https:\/\/gyemantekszer.com\/termek\/sanremo-gyongysor\/"},"modified":"2025-10-08T12:24:02","modified_gmt":"2025-10-08T10:24:02","slug":"sanremo-gyongysor","status":"publish","type":"product","link":"https:\/\/gyemantekszer.com\/en\/product\/sanremo-gyongysor\/","title":{"rendered":"Coscia &#8211; Sanremo gy\u00f6ngysor"},"content":{"rendered":"","protected":false},"excerpt":{"rendered":"<p>Eleg\u00e1ns multicolor hossz\u00fa barokk gy\u00f6ngysor, mely csod\u00e1latos barackos lil\u00e1s sz\u00edn\u00e1rnyalatokban pomp\u00e1zik. A barokk gy\u00f6ngy\u00f6k k\u00fcl\u00f6nlegess\u00e9ge amorf, teljesen egyedi alakjukban rejlik. Igaz\u00e1n kedvelt st\u00edlusos viselet.<\/p>\n","protected":false},"featured_media":235660,"comment_status":"open","ping_status":"closed","template":"","meta":{"_acf_changed":false},"product_brand":[],"product_cat":[1924],"product_tag":[1384,1383,1379],"class_list":{"0":"post-247196","1":"product","2":"type-product","3":"status-publish","4":"has-post-thumbnail","6":"product_cat-gyongysor","7":"product_tag-for-ladies","8":"product_tag-sizeable","9":"product_tag-with-pearls","10":"pa_kollekcio-exkluziv-ekszerek","11":"pa_marka-coscia","12":"pa_meret-120-cm-hosszu","13":"pa_suly-1517-gr","15":"first","16":"instock","17":"sold-individually","18":"taxable","19":"shipping-taxable","20":"purchasable","21":"product-type-simple"},"acf":[],"_links":{"self":[{"href":"https:\/\/gyemantekszer.com\/en\/wp-json\/wp\/v2\/product\/247196","targetHints":{"allow":["GET"]}}],"collection":[{"href":"https:\/\/gyemantekszer.com\/en\/wp-json\/wp\/v2\/product"}],"about":[{"href":"https:\/\/gyemantekszer.com\/en\/wp-json\/wp\/v2\/types\/product"}],"replies":[{"embeddable":true,"href":"https:\/\/gyemantekszer.com\/en\/wp-json\/wp\/v2\/comments?post=247196"}],"wp:featuredmedia":[{"embeddable":true,"href":"https:\/\/gyemantekszer.com\/en\/wp-json\/wp\/v2\/media\/235660"}],"wp:attachment":[{"href":"https:\/\/gyemantekszer.com\/en\/wp-json\/wp\/v2\/media?parent=247196"}],"wp:term":[{"taxonomy":"product_brand","embeddable":true,"href":"https:\/\/gyemantekszer.com\/en\/wp-json\/wp\/v2\/product_brand?post=247196"},{"taxonomy":"product_cat","embeddable":true,"href":"https:\/\/gyemantekszer.com\/en\/wp-json\/wp\/v2\/product_cat?post=247196"},{"taxonomy":"product_tag","embeddable":true,"href":"https:\/\/gyemantekszer.com\/en\/wp-json\/wp\/v2\/product_tag?post=247196"}],"curies":[{"name":"wp","href":"https:\/\/api.w.org\/{rel}","templated":true}]}}