{"id":247184,"date":"2016-06-24T13:36:34","date_gmt":"2016-06-24T11:36:34","guid":{"rendered":"https:\/\/gyemantekszer.com\/termek\/milano-gyemant-gyuru\/"},"modified":"2025-09-29T12:41:16","modified_gmt":"2025-09-29T10:41:16","slug":"milano-gyemant-gyuru","status":"publish","type":"product","link":"https:\/\/gyemantekszer.com\/en\/termek\/milano-gyemant-gyuru\/","title":{"rendered":"Coscia &#8211; Milano gy\u00e9m\u00e1nt gy\u0171r\u0171"},"content":{"rendered":"","protected":false},"excerpt":{"rendered":"<p>Leny\u0171g\u00f6z\u0151 feh\u00e9r arany gy\u00e9m\u00e1nt gy\u0171r\u0171, melyet kifinomult elegancia jellemez. A gy\u00e9m\u00e1nt csillog\u00e1sa m\u00e9g jobban kiemeli a t\u00f6k\u00e9letesen kerek d\u00e9ltengeri gy\u00f6ngy sz\u00e9ps\u00e9g\u00e9t. Apr\u00f3l\u00e9kos munka \u00e9s t\u00f6k\u00e9letes foglal\u00e1si technika eredm\u00e9nye ez a gy\u00f6ny\u00f6r\u0171 gy\u00f6ngy\u00f6s gy\u0171r\u0171.<\/p>\n","protected":false},"featured_media":235620,"comment_status":"open","ping_status":"open","template":"","meta":{"_acf_changed":false},"product_brand":[],"product_cat":[1917],"product_tag":[133,140,1310,1305,136],"class_list":{"0":"post-247184","1":"product","2":"type-product","3":"status-publish","4":"has-post-thumbnail","6":"product_cat-gyuru","7":"product_tag-noi","8":"product_tag-meretezheto","9":"product_tag-feher-gyemant","10":"product_tag-feher-arany","11":"product_tag-gyongyos","12":"pa_kollekcio-exkluziv-ekszerek","13":"pa_marka-coscia","14":"pa_meret-259","15":"pa_otvozet-finomsaga-143","16":"pa_suly-56-gr","18":"first","19":"instock","20":"sold-individually","21":"taxable","22":"shipping-taxable","23":"purchasable","24":"product-type-simple"},"acf":[],"_links":{"self":[{"href":"https:\/\/gyemantekszer.com\/en\/wp-json\/wp\/v2\/product\/247184","targetHints":{"allow":["GET"]}}],"collection":[{"href":"https:\/\/gyemantekszer.com\/en\/wp-json\/wp\/v2\/product"}],"about":[{"href":"https:\/\/gyemantekszer.com\/en\/wp-json\/wp\/v2\/types\/product"}],"replies":[{"embeddable":true,"href":"https:\/\/gyemantekszer.com\/en\/wp-json\/wp\/v2\/comments?post=247184"}],"wp:featuredmedia":[{"embeddable":true,"href":"https:\/\/gyemantekszer.com\/en\/wp-json\/wp\/v2\/media\/235620"}],"wp:attachment":[{"href":"https:\/\/gyemantekszer.com\/en\/wp-json\/wp\/v2\/media?parent=247184"}],"wp:term":[{"taxonomy":"product_brand","embeddable":true,"href":"https:\/\/gyemantekszer.com\/en\/wp-json\/wp\/v2\/product_brand?post=247184"},{"taxonomy":"product_cat","embeddable":true,"href":"https:\/\/gyemantekszer.com\/en\/wp-json\/wp\/v2\/product_cat?post=247184"},{"taxonomy":"product_tag","embeddable":true,"href":"https:\/\/gyemantekszer.com\/en\/wp-json\/wp\/v2\/product_tag?post=247184"}],"curies":[{"name":"wp","href":"https:\/\/api.w.org\/{rel}","templated":true}]}}